{"id":5669,"date":"2025-07-29T03:48:34","date_gmt":"2025-07-29T03:48:34","guid":{"rendered":"https:\/\/jinancuchem.com\/?post_type=product&#038;p=5669"},"modified":"2025-08-01T19:00:09","modified_gmt":"2025-08-01T19:00:09","slug":"mixed-type-pesticide-emulsifier","status":"publish","type":"product","link":"https:\/\/jinancuchem.com\/fr\/produit\/mixed-type-pesticide-emulsifier\/","title":{"rendered":"\u00c9mulsifiant de pesticides de type mixte"},"content":{"rendered":"<h3>\u4e00\uff0ePropri\u00e9t\u00e9 du produit<\/h3>\n<p>Cette s\u00e9rie de produits se pr\u00e9sente sous la forme d'un liquide jaune \u00e0 temp\u00e9rature normale, qui peut \u00eatre dissous dans l'eau, le m\u00e9thanol, le benz\u00e8ne, le tolu\u00e8ne, le xyl\u00e8ne et d'autres solvants organiques. Ils poss\u00e8dent d'excellentes propri\u00e9t\u00e9s \u00e9mulsifiantes, mouillantes et dispersantes.<\/p>\n<h3>\u4e8c\uff0eIndicateur de qualit\u00e9<\/h3>\n<table>\n<tbody>\n<tr>\n<td><strong><b>Propri\u00e9t\u00e9<\/b><\/strong><\/td>\n<td><strong><b>Sp\u00e9cifications<\/b><\/strong><\/td>\n<\/tr>\n<tr>\n<td><strong><b>Valeur du pH (solution 1%)<\/b><\/strong><\/td>\n<td>5.0\uff5e7.0<\/td>\n<\/tr>\n<tr>\n<td><strong><b>Teneur en eau (%)<\/b><\/strong><\/td>\n<td>\u22640.5<\/td>\n<\/tr>\n<tr>\n<td><strong><b>Test d'entreposage frigorifique<\/b><\/strong><\/td>\n<td>Passez<\/td>\n<\/tr>\n<tr>\n<td><strong><b>Test de stockage \u00e0 chaud<\/b><\/strong><\/td>\n<td>Passez<\/td>\n<\/tr>\n<tr>\n<td><strong><b>Test d'\u00e9mulsion<\/b><\/strong><\/td>\n<td>Passez<\/td>\n<\/tr>\n<\/tbody>\n<\/table>\n<h3>\u4e09\uff0eApplication du champ d'application et utilisation<\/h3>\n<p>Convient \u00e0 la pr\u00e9paration de divers pesticides organophosphor\u00e9s, organochlor\u00e9s, pyr\u00e9thro\u00efdes et de divers concentr\u00e9s \u00e9mulsifiables d'herbicides. Il se caract\u00e9rise par une grande stabilit\u00e9 \u00e0 l'\u00e9mulsification, une bonne dispersion, un dosage appropri\u00e9 de l'\u00e9mulsifiant, et le concentr\u00e9 \u00e9mulsifiable pr\u00e9par\u00e9 avec lui pr\u00e9sente une bonne stabilit\u00e9 et est moins susceptible de subir une pr\u00e9cipitation ou une turbidit\u00e9. M\u00e9lang\u00e9 \u00e0 l'eau, il peut \u00eatre utilis\u00e9 en combinaison avec divers agents de surface. Il r\u00e9siste aux acides, aux alcalis et \u00e0 l'eau dure et poss\u00e8de de bonnes propri\u00e9t\u00e9s de dispersion et d'\u00e9mulsification.<\/p>\n<h3>\u56db\uff0eEmballage et stockage<\/h3>\n<p>Conform\u00e9ment au stockage et au transport des produits chimiques g\u00e9n\u00e9raux.<\/p>\n<p>Conserver dans un endroit sec et bien ventil\u00e9.<\/p>\n<p>Dur\u00e9e de conservation : deux ans.<\/p>","protected":false},"excerpt":{"rendered":"<p>\u4e00\uff0eProduct Property This series of products are yellow liquid in normal temperature, which can be dissolved in water, methanol, benzene, toluene, xylene and other organic solvents. They possess excellent emulsifying, wetting and dispersing properties. \u4e8c\uff0eQuality Index Property Specification pH Value (1% solution) 5.0\uff5e7.0 Water Content (%) \u22640.5 Cold Storage Test Pass Hot Storage Test Pass [&hellip;]<\/p>\n","protected":false},"featured_media":5672,"template":"","meta":{"_seopress_robots_primary_cat":"","_seopress_titles_title":"","_seopress_titles_desc":"","_seopress_robots_index":"","_uag_custom_page_level_css":"","site-sidebar-layout":"default","site-content-layout":"","ast-site-content-layout":"default","site-content-style":"default","site-sidebar-style":"default","ast-global-header-display":"","ast-banner-title-visibility":"","ast-main-header-display":"","ast-hfb-above-header-display":"","ast-hfb-below-header-display":"","ast-hfb-mobile-header-display":"","site-post-title":"","ast-breadcrumbs-content":"","ast-featured-img":"","footer-sml-layout":"","theme-transparent-header-meta":"default","adv-header-id-meta":"","stick-header-meta":"default","header-above-stick-meta":"","header-main-stick-meta":"","header-below-stick-meta":"","astra-migrate-meta-layouts":"set","ast-page-background-enabled":"default","ast-page-background-meta":{"desktop":{"background-color":"","background-image":"","background-repeat":"repeat","background-position":"center center","background-size":"auto","background-attachment":"scroll","background-type":"","background-media":"","overlay-type":"","overlay-color":"","overlay-opacity":"","overlay-gradient":""},"tablet":{"background-color":"","background-image":"","background-repeat":"repeat","background-position":"center center","background-size":"auto","background-attachment":"scroll","background-type":"","background-media":"","overlay-type":"","overlay-color":"","overlay-opacity":"","overlay-gradient":""},"mobile":{"background-color":"","background-image":"","background-repeat":"repeat","background-position":"center center","background-size":"auto","background-attachment":"scroll","background-type":"","background-media":"","overlay-type":"","overlay-color":"","overlay-opacity":"","overlay-gradient":""}},"ast-content-background-meta":{"desktop":{"background-color":"var(--ast-global-color-5)","background-image":"","background-repeat":"repeat","background-position":"center center","background-size":"auto","background-attachment":"scroll","background-type":"","background-media":"","overlay-type":"","overlay-color":"","overlay-opacity":"","overlay-gradient":""},"tablet":{"background-color":"var(--ast-global-color-5)","background-image":"","background-repeat":"repeat","background-position":"center center","background-size":"auto","background-attachment":"scroll","background-type":"","background-media":"","overlay-type":"","overlay-color":"","overlay-opacity":"","overlay-gradient":""},"mobile":{"background-color":"var(--ast-global-color-5)","background-image":"","background-repeat":"repeat","background-position":"center center","background-size":"auto","background-attachment":"scroll","background-type":"","background-media":"","overlay-type":"","overlay-color":"","overlay-opacity":"","overlay-gradient":""}}},"product_brand":[],"product_cat":[69],"product_tag":[],"class_list":{"0":"post-5669","1":"product","2":"type-product","3":"status-publish","4":"has-post-thumbnail","6":"product_cat-daily-chemical-product","7":"desktop-align-left","8":"tablet-align-left","9":"mobile-align-left","10":"ast-product-gallery-layout-horizontal-slider","11":"ast-product-gallery-with-no-image","12":"ast-product-tabs-layout-horizontal","14":"first","15":"instock","16":"featured","17":"shipping-taxable","18":"product-type-simple"},"uagb_featured_image_src":{"full":["https:\/\/jinancuchem.com\/wp-content\/uploads\/2025\/07\/\u672a\u6807\u9898-1-110.jpg",300,300,false],"thumbnail":["https:\/\/jinancuchem.com\/wp-content\/uploads\/2025\/07\/\u672a\u6807\u9898-1-110-150x150.jpg",150,150,true],"medium":["https:\/\/jinancuchem.com\/wp-content\/uploads\/2025\/07\/\u672a\u6807\u9898-1-110.jpg",300,300,false],"medium_large":["https:\/\/jinancuchem.com\/wp-content\/uploads\/2025\/07\/\u672a\u6807\u9898-1-110.jpg",300,300,false],"large":["https:\/\/jinancuchem.com\/wp-content\/uploads\/2025\/07\/\u672a\u6807\u9898-1-110.jpg",300,300,false],"1536x1536":["https:\/\/jinancuchem.com\/wp-content\/uploads\/2025\/07\/\u672a\u6807\u9898-1-110.jpg",300,300,false],"2048x2048":["https:\/\/jinancuchem.com\/wp-content\/uploads\/2025\/07\/\u672a\u6807\u9898-1-110.jpg",300,300,false],"trp-custom-language-flag":["https:\/\/jinancuchem.com\/wp-content\/uploads\/2025\/07\/\u672a\u6807\u9898-1-110-12x12.jpg",12,12,true],"woocommerce_thumbnail":["https:\/\/jinancuchem.com\/wp-content\/uploads\/2025\/07\/\u672a\u6807\u9898-1-110.jpg",300,300,false],"woocommerce_single":["https:\/\/jinancuchem.com\/wp-content\/uploads\/2025\/07\/\u672a\u6807\u9898-1-110.jpg",300,300,false],"woocommerce_gallery_thumbnail":["https:\/\/jinancuchem.com\/wp-content\/uploads\/2025\/07\/\u672a\u6807\u9898-1-110-100x100.jpg",100,100,true]},"uagb_author_info":{"display_name":"jinxing6611@gmail.com","author_link":"https:\/\/jinancuchem.com\/fr\/author\/"},"uagb_comment_info":0,"uagb_excerpt":"\u4e00\uff0eProduct Property This series of products are yellow liquid in normal temperature, which can be dissolved in water, methanol, benzene, toluene, xylene and other organic solvents. They possess excellent emulsifying, wetting and dispersing properties. \u4e8c\uff0eQuality Index Property Specification pH Value (1% solution) 5.0\uff5e7.0 Water Content (%) \u22640.5 Cold Storage Test Pass Hot Storage Test Pass\u2026","_links":{"self":[{"href":"https:\/\/jinancuchem.com\/fr\/wp-json\/wp\/v2\/product\/5669","targetHints":{"allow":["GET"]}}],"collection":[{"href":"https:\/\/jinancuchem.com\/fr\/wp-json\/wp\/v2\/product"}],"about":[{"href":"https:\/\/jinancuchem.com\/fr\/wp-json\/wp\/v2\/types\/product"}],"wp:featuredmedia":[{"embeddable":true,"href":"https:\/\/jinancuchem.com\/fr\/wp-json\/wp\/v2\/media\/5672"}],"wp:attachment":[{"href":"https:\/\/jinancuchem.com\/fr\/wp-json\/wp\/v2\/media?parent=5669"}],"wp:term":[{"taxonomy":"product_brand","embeddable":true,"href":"https:\/\/jinancuchem.com\/fr\/wp-json\/wp\/v2\/product_brand?post=5669"},{"taxonomy":"product_cat","embeddable":true,"href":"https:\/\/jinancuchem.com\/fr\/wp-json\/wp\/v2\/product_cat?post=5669"},{"taxonomy":"product_tag","embeddable":true,"href":"https:\/\/jinancuchem.com\/fr\/wp-json\/wp\/v2\/product_tag?post=5669"}],"curies":[{"name":"wp","href":"https:\/\/api.w.org\/{rel}","templated":true}]}}