{"id":6320,"date":"2025-08-07T02:39:02","date_gmt":"2025-08-07T02:39:02","guid":{"rendered":"https:\/\/jinancuchem.com\/?post_type=product&#038;p=6320"},"modified":"2025-08-07T02:44:40","modified_gmt":"2025-08-07T02:44:40","slug":"triethylamine-2","status":"publish","type":"product","link":"https:\/\/jinancuchem.com\/fr\/produit\/triethylamine-2\/","title":{"rendered":"Tri\u00e9thylamine"},"content":{"rendered":"<p>\u3010CAS\u3011121-44-8<\/p>\n<p>Formule chimique : C6H15N<\/p>\n<p>Poids mol\u00e9culaire : 101,19<\/p>\n<p>\u3010Structural Formula\u3011<img alt=\"\" decoding=\"async\" class=\"alignnone size-full wp-image-6323\" src=\"https:\/\/jinancuchem.com\/wp-content\/uploads\/2025\/08\/Triethylamine.jpg\" width=\"152\" height=\"98\" srcset=\"https:\/\/jinancuchem.com\/wp-content\/uploads\/2025\/08\/Triethylamine.jpg 152w, https:\/\/jinancuchem.com\/wp-content\/uploads\/2025\/08\/Triethylamine-150x98.jpg 150w, https:\/\/jinancuchem.com\/wp-content\/uploads\/2025\/08\/Triethylamine-18x12.jpg 18w\" sizes=\"(max-width: 152px) 100vw, 152px\" \/><\/p>\n<h3><strong><b>1. Propri\u00e9t\u00e9 du produit<\/b><\/strong><\/h3>\n<p>La tri\u00e9thylamine (formule mol\u00e9culaire : C6H15N), \u00e9galement connue sous le nom de N,N-di\u00e9thyl \u00e9thylamine, est l'amine tertiaire la plus simple avec trois substituants identiques. Elle poss\u00e8de les propri\u00e9t\u00e9s typiques des amines tertiaires, notamment la formation de sels et l'oxydation. Le test de Hinsberg pour la tri\u00e9thylamine ne montre aucune r\u00e9action. Elle se pr\u00e9sente sous la forme d'un liquide transparent incolore \u00e0 jaune p\u00e2le avec une forte odeur d'ammoniac et \u00e9met une l\u00e9g\u00e8re fum\u00e9e dans l'air. Point d'\u00e9bullition : 89,5\u00b0C, densit\u00e9 relative (eau = 1) : 0,70, densit\u00e9 relative (air = 1) : 3,48, l\u00e9g\u00e8rement soluble dans l'eau, soluble dans l'\u00e9thanol et l'\u00e9ther. Sa solution aqueuse est alcaline. Il est inflammable et ses vapeurs peuvent former des m\u00e9langes explosifs avec l'air, avec une limite d'explosion de 1,2% \u00e0 8,0%. Il est toxique et tr\u00e8s irritant.<\/p>\n<h3><b>2.\u00a0<\/b><strong><b>Normes de qualit\u00e9<\/b><\/strong><\/h3>\n<table>\n<tbody>\n<tr>\n<td><strong><b>Param\u00e8tres<\/b><\/strong><\/td>\n<td><strong><b>Sp\u00e9cifications<\/b><\/strong><\/td>\n<\/tr>\n<tr>\n<td><strong><b>Puret\u00e9 (GC) \u2265<\/b><\/strong><\/td>\n<td>99.0%<\/td>\n<\/tr>\n<tr>\n<td><strong><b>Teneur en eau \u2264<\/b><\/strong><\/td>\n<td>0.1%<\/td>\n<\/tr>\n<tr>\n<td><strong><b>Densit\u00e9 (20\u00b0C, g\/cm\u00b3)<\/b><\/strong><\/td>\n<td>0.725-0.735<\/td>\n<\/tr>\n<tr>\n<td><strong><b>Plage d'\u00e9bullition (1 atm, \u00b0C)<\/b><\/strong><\/td>\n<td>88-90<\/td>\n<\/tr>\n<tr>\n<td><strong><b>R\u00e9sidu d'\u00e9vaporation \u2264<\/b><\/strong><\/td>\n<td>0.01%<\/td>\n<\/tr>\n<tr>\n<td><strong><b>M\u00e9taux lourds (Pb) \u2264<\/b><\/strong><\/td>\n<td>5 ppm<\/td>\n<\/tr>\n<tr>\n<td><strong><b>Fer (Fe) \u2264<\/b><\/strong><\/td>\n<td>1 ppm<\/td>\n<\/tr>\n<tr>\n<td><strong><b>Apparence<\/b><\/strong><\/td>\n<td>Liquide clair et incolore<\/td>\n<\/tr>\n<\/tbody>\n<\/table>\n<h3><strong><b>3. Champ d'application et utilisation<\/b><\/strong><\/h3>\n<p>La tri\u00e9thylamine peut \u00eatre utilis\u00e9e comme solvant et mati\u00e8re premi\u00e8re dans l'industrie de la synth\u00e8se organique. Elle peut \u00eatre utilis\u00e9e pour produire des catalyseurs pour le polycarbonate par la m\u00e9thode du phosg\u00e8ne, des inhibiteurs de polym\u00e9risation pour le t\u00e9trafluoro\u00e9thyl\u00e8ne, des acc\u00e9l\u00e9rateurs de vulcanisation du caoutchouc, des solvants sp\u00e9ciaux dans les d\u00e9capants de peinture, des agents anti-durcissement pour l'\u00e9mail, des surfactants, des conservateurs, des fongicides, des r\u00e9sines \u00e9changeuses d'ions, des colorants, des parfums, des m\u00e9dicaments, des combustibles \u00e0 haute \u00e9nergie et des propergols liquides pour fus\u00e9es, etc.<\/p>\n<h3><strong><b>4. Emballage et stockage<\/b><\/strong><\/h3>\n<p>La tri\u00e9thylamine est g\u00e9n\u00e9ralement conditionn\u00e9e en\u00a0<strong><b>F\u00fbts en acier de 200 L<\/b><\/strong>\u00a0ou\u00a0<strong><b>R\u00e9servoirs ISO<\/b><\/strong>\u00a0avec des joints herm\u00e9tiques pour \u00e9viter l'absorption d'humidit\u00e9 et l'oxydation. Le stockage doit se faire dans un endroit\u00a0<strong><b>endroit frais, sec et bien ventil\u00e9<\/b><\/strong>\u00a0loin des sources de chaleur et des agents oxydants. Les conteneurs doivent \u00eatre mis \u00e0 la terre pour \u00e9viter les risques d'\u00e9lectricit\u00e9 statique. La temp\u00e9rature de stockage recommand\u00e9e est de\u00a0<strong><b>inf\u00e9rieur \u00e0 30\u00b0C<\/b><\/strong>Les produits de la cat\u00e9gorie \"produits de la mer\" sont fabriqu\u00e9s \u00e0 l'aide d'un m\u00e9lange de produits de la cat\u00e9gorie \"produits de la mer\" et de produits de la cat\u00e9gorie \"produits de la mer\". La dur\u00e9e de conservation est de\u00a0<strong><b>12 mois<\/b><\/strong>\u00a0dans des conditions ad\u00e9quates. Transport en tant que\u00a0<strong><b>liquide inflammable (UN 1296)<\/b><\/strong>\u00a0avec un \u00e9tiquetage de danger appropri\u00e9. Les travailleurs doivent porter\u00a0<strong><b>gants, lunettes et respirateurs r\u00e9sistants aux produits chimiques<\/b><\/strong>\u00a0pendant la manipulation.<\/p>","protected":false},"excerpt":{"rendered":"<p>\u3010CAS\u3011121-44-8 Chemical formula: C6H15N Molecular weight:101.19 \u3010Structural Formula\u3011 1. Product Property Triethylamine (molecular formula: C6H15N), also known as N,N-diethyl ethylamine, is the simplest tertiary amine with three identical substituents. It possesses typical tertiary amine properties, including salt formation and oxidation. The Hinsberg test for triethylamine shows no reaction. It appears as a colorless to pale [&hellip;]<\/p>\n","protected":false},"featured_media":6323,"template":"","meta":{"_seopress_robots_primary_cat":"none","_seopress_titles_title":"","_seopress_titles_desc":"","_seopress_robots_index":"","_uag_custom_page_level_css":"","site-sidebar-layout":"default","site-content-layout":"","ast-site-content-layout":"default","site-content-style":"default","site-sidebar-style":"default","ast-global-header-display":"","ast-banner-title-visibility":"","ast-main-header-display":"","ast-hfb-above-header-display":"","ast-hfb-below-header-display":"","ast-hfb-mobile-header-display":"","site-post-title":"","ast-breadcrumbs-content":"","ast-featured-img":"","footer-sml-layout":"","theme-transparent-header-meta":"default","adv-header-id-meta":"","stick-header-meta":"default","header-above-stick-meta":"","header-main-stick-meta":"","header-below-stick-meta":"","astra-migrate-meta-layouts":"set","ast-page-background-enabled":"default","ast-page-background-meta":{"desktop":{"background-color":"","background-image":"","background-repeat":"repeat","background-position":"center center","background-size":"auto","background-attachment":"scroll","background-type":"","background-media":"","overlay-type":"","overlay-color":"","overlay-opacity":"","overlay-gradient":""},"tablet":{"background-color":"","background-image":"","background-repeat":"repeat","background-position":"center center","background-size":"auto","background-attachment":"scroll","background-type":"","background-media":"","overlay-type":"","overlay-color":"","overlay-opacity":"","overlay-gradient":""},"mobile":{"background-color":"","background-image":"","background-repeat":"repeat","background-position":"center center","background-size":"auto","background-attachment":"scroll","background-type":"","background-media":"","overlay-type":"","overlay-color":"","overlay-opacity":"","overlay-gradient":""}},"ast-content-background-meta":{"desktop":{"background-color":"var(--ast-global-color-5)","background-image":"","background-repeat":"repeat","background-position":"center center","background-size":"auto","background-attachment":"scroll","background-type":"","background-media":"","overlay-type":"","overlay-color":"","overlay-opacity":"","overlay-gradient":""},"tablet":{"background-color":"var(--ast-global-color-5)","background-image":"","background-repeat":"repeat","background-position":"center center","background-size":"auto","background-attachment":"scroll","background-type":"","background-media":"","overlay-type":"","overlay-color":"","overlay-opacity":"","overlay-gradient":""},"mobile":{"background-color":"var(--ast-global-color-5)","background-image":"","background-repeat":"repeat","background-position":"center center","background-size":"auto","background-attachment":"scroll","background-type":"","background-media":"","overlay-type":"","overlay-color":"","overlay-opacity":"","overlay-gradient":""}}},"product_brand":[],"product_cat":[70],"product_tag":[],"class_list":{"0":"post-6320","1":"product","2":"type-product","3":"status-publish","4":"has-post-thumbnail","6":"product_cat-industrial-raw-materials","7":"desktop-align-left","8":"tablet-align-left","9":"mobile-align-left","10":"ast-product-gallery-layout-horizontal-slider","11":"ast-product-gallery-with-no-image","12":"ast-product-tabs-layout-horizontal","14":"first","15":"instock","16":"shipping-taxable","17":"product-type-simple"},"uagb_featured_image_src":{"full":["https:\/\/jinancuchem.com\/wp-content\/uploads\/2025\/08\/Triethylamine.jpg",152,98,false],"thumbnail":["https:\/\/jinancuchem.com\/wp-content\/uploads\/2025\/08\/Triethylamine-150x98.jpg",150,98,true],"medium":["https:\/\/jinancuchem.com\/wp-content\/uploads\/2025\/08\/Triethylamine.jpg",152,98,false],"medium_large":["https:\/\/jinancuchem.com\/wp-content\/uploads\/2025\/08\/Triethylamine.jpg",152,98,false],"large":["https:\/\/jinancuchem.com\/wp-content\/uploads\/2025\/08\/Triethylamine.jpg",152,98,false],"1536x1536":["https:\/\/jinancuchem.com\/wp-content\/uploads\/2025\/08\/Triethylamine.jpg",152,98,false],"2048x2048":["https:\/\/jinancuchem.com\/wp-content\/uploads\/2025\/08\/Triethylamine.jpg",152,98,false],"trp-custom-language-flag":["https:\/\/jinancuchem.com\/wp-content\/uploads\/2025\/08\/Triethylamine-18x12.jpg",18,12,true],"woocommerce_thumbnail":["https:\/\/jinancuchem.com\/wp-content\/uploads\/2025\/08\/Triethylamine.jpg",152,98,false],"woocommerce_single":["https:\/\/jinancuchem.com\/wp-content\/uploads\/2025\/08\/Triethylamine.jpg",152,98,false],"woocommerce_gallery_thumbnail":["https:\/\/jinancuchem.com\/wp-content\/uploads\/2025\/08\/Triethylamine-100x98.jpg",100,98,true]},"uagb_author_info":{"display_name":"jinxing6611@gmail.com","author_link":"https:\/\/jinancuchem.com\/fr\/author\/"},"uagb_comment_info":0,"uagb_excerpt":"\u3010CAS\u3011121-44-8 Chemical formula: C6H15N Molecular weight:101.19 \u3010Structural Formula\u3011 1. Product Property Triethylamine (molecular formula: C6H15N), also known as N,N-diethyl ethylamine, is the simplest tertiary amine with three identical substituents. It possesses typical tertiary amine properties, including salt formation and oxidation. The Hinsberg test for triethylamine shows no reaction. It appears as a colorless to pale\u2026","_links":{"self":[{"href":"https:\/\/jinancuchem.com\/fr\/wp-json\/wp\/v2\/product\/6320","targetHints":{"allow":["GET"]}}],"collection":[{"href":"https:\/\/jinancuchem.com\/fr\/wp-json\/wp\/v2\/product"}],"about":[{"href":"https:\/\/jinancuchem.com\/fr\/wp-json\/wp\/v2\/types\/product"}],"wp:featuredmedia":[{"embeddable":true,"href":"https:\/\/jinancuchem.com\/fr\/wp-json\/wp\/v2\/media\/6323"}],"wp:attachment":[{"href":"https:\/\/jinancuchem.com\/fr\/wp-json\/wp\/v2\/media?parent=6320"}],"wp:term":[{"taxonomy":"product_brand","embeddable":true,"href":"https:\/\/jinancuchem.com\/fr\/wp-json\/wp\/v2\/product_brand?post=6320"},{"taxonomy":"product_cat","embeddable":true,"href":"https:\/\/jinancuchem.com\/fr\/wp-json\/wp\/v2\/product_cat?post=6320"},{"taxonomy":"product_tag","embeddable":true,"href":"https:\/\/jinancuchem.com\/fr\/wp-json\/wp\/v2\/product_tag?post=6320"}],"curies":[{"name":"wp","href":"https:\/\/api.w.org\/{rel}","templated":true}]}}