{"id":6324,"date":"2025-08-07T02:41:58","date_gmt":"2025-08-07T02:41:58","guid":{"rendered":"https:\/\/jinancuchem.com\/?post_type=product&#038;p=6324"},"modified":"2025-08-07T02:41:58","modified_gmt":"2025-08-07T02:41:58","slug":"ethylene-glycol-monoethyl-ether-acetate%ef%bc%88cac%ef%bc%89","status":"publish","type":"product","link":"https:\/\/jinancuchem.com\/fr\/produit\/ethylene-glycol-monoethyl-ether-acetate%ef%bc%88cac%ef%bc%89\/","title":{"rendered":"Ac\u00e9tate d'\u00e9ther mono\u00e9thylique d'\u00e9thyl\u00e8ne glycol\uff08CAC\uff09"},"content":{"rendered":"<p>\u3010CAS\u3011111-15-9<\/p>\n<p>Formule chimique : C6H12O3<\/p>\n<p>Poids mol\u00e9culaire : 132,16<\/p>\n<p>\u3010Structural Formula\u3011<img alt=\"\" decoding=\"async\" class=\"alignnone size-full wp-image-6327\" src=\"https:\/\/jinancuchem.com\/wp-content\/uploads\/2025\/08\/Ethylene-glycol-monoethyl-ether-acetate\uff08CAC\uff09.jpg\" width=\"270\" height=\"84\" srcset=\"https:\/\/jinancuchem.com\/wp-content\/uploads\/2025\/08\/Ethylene-glycol-monoethyl-ether-acetate\uff08CAC\uff09.jpg 270w, https:\/\/jinancuchem.com\/wp-content\/uploads\/2025\/08\/Ethylene-glycol-monoethyl-ether-acetate\uff08CAC\uff09-18x6.jpg 18w\" sizes=\"(max-width: 270px) 100vw, 270px\" \/><\/p>\n<h3><strong><b>1. Propri\u00e9t\u00e9 du produit<\/b><\/strong><\/h3>\n<p>Liquide incolore. Point de cong\u00e9lation : -61,7\u2103, Point d'\u00e9bullition : 156,3\u2103, 51\u2103 (2,8kPa), Densit\u00e9 relative : 0,973 (20\u2103), Point de fusion : -61,7\u2103, Indice de r\u00e9fraction : 1.4055 (20\u2103), Point d'\u00e9clair : 51\u2103 (coupelle ferm\u00e9e), 66\u2103 (coupelle ouverte), Point d'ignition : 379\u2103. Il peut \u00eatre m\u00e9lang\u00e9 avec des solvants organiques communs et est soluble dans l'eau. Il a un parfum agr\u00e9able de type ester.<\/p>\n<h3><strong><b>2. Normes de qualit\u00e9<\/b><\/strong><\/h3>\n<table>\n<tbody>\n<tr>\n<td><strong><b>Param\u00e8tres<\/b><\/strong><\/td>\n<td><strong><b>Sp\u00e9cifications<\/b><\/strong><\/td>\n<\/tr>\n<tr>\n<td><strong><b>Puret\u00e9 (%)<\/b><\/strong><\/td>\n<td>\u2265 99.0<\/td>\n<\/tr>\n<tr>\n<td><strong><b>Apparence<\/b><\/strong><\/td>\n<td>Liquide clair et incolore<\/td>\n<\/tr>\n<tr>\n<td><strong><b>Densit\u00e9 (20\u00b0C, g\/cm\u00b3)<\/b><\/strong><\/td>\n<td>0.970-0.980<\/td>\n<\/tr>\n<tr>\n<td><strong><b>Indice de r\u00e9fraction (20\u00b0C)<\/b><\/strong><\/td>\n<td>1.403-1.405<\/td>\n<\/tr>\n<tr>\n<td><strong><b>Acidit\u00e9 (en tant qu'acide ac\u00e9tique)<\/b><\/strong><\/td>\n<td>\u2264 0,01%<\/td>\n<\/tr>\n<tr>\n<td><strong><b>Teneur en eau<\/b><\/strong><\/td>\n<td>\u2264 0,1%<\/td>\n<\/tr>\n<tr>\n<td><strong><b>Plage du point d'\u00e9bullition<\/b><\/strong><\/td>\n<td>155-157\u00b0C<\/td>\n<\/tr>\n<tr>\n<td><strong><b>Point d'\u00e9clair (coupe ferm\u00e9e)<\/b><\/strong><\/td>\n<td>\u2265 50\u00b0C<\/td>\n<\/tr>\n<\/tbody>\n<\/table>\n<h3><strong><b>3. Champ d'application et utilisation<\/b><\/strong><\/h3>\n<p>Le CAC est largement utilis\u00e9 comme solvant de haute performance dans les rev\u00eatements, les encres et les formulations de nettoyage en raison de sa solvabilit\u00e9 efficace pour les r\u00e9sines, les colorants et les huiles. Il sert de composant actif dans les d\u00e9capants de peinture, les d\u00e9graissants et les nettoyants industriels. L'industrie de l'imprimerie l'utilise dans les encres de s\u00e9rigraphie et les applications flexographiques. En outre, il sert d'agent coalescent dans les peintures au latex et de solvant de traitement dans les adh\u00e9sifs. Son taux d'\u00e9vaporation \u00e9quilibr\u00e9 le rend appropri\u00e9 pour les syst\u00e8mes de rev\u00eatement automobile et industriel.<\/p>\n<h3><strong><b>4. Emballage et stockage<\/b><\/strong><\/h3>\n<p>Le CAC est g\u00e9n\u00e9ralement conditionn\u00e9 dans des f\u00fbts en acier de 200 litres, des conteneurs IBC de 1000 litres ou des citernes en vrac pour les quantit\u00e9s industrielles. Le stockage doit se faire dans des zones fra\u00eeches et bien ventil\u00e9es, \u00e0 l'\u00e9cart des sources de chaleur et de la lumi\u00e8re directe du soleil. Les conteneurs doivent \u00eatre ferm\u00e9s herm\u00e9tiquement pour \u00e9viter l'absorption d'humidit\u00e9 et l'\u00e9vaporation. Le produit est stable dans des conditions normales mais doit \u00eatre prot\u00e9g\u00e9 des oxydants puissants. La dur\u00e9e de conservation est de 24 mois si le produit est stock\u00e9 correctement. Le transport n\u00e9cessite la classification de liquide inflammable (UN 1172). Un \u00e9quipement de protection individuelle (gants, lunettes) est recommand\u00e9 lors de la manipulation du produit en raison de ses propri\u00e9t\u00e9s l\u00e9g\u00e8rement irritantes.<\/p>","protected":false},"excerpt":{"rendered":"<p>\u3010CAS\u3011111-15-9 Chemical formula: C6H12O3 Molecular weight:132.16 \u3010Structural Formula\u3011 1. Product Property Colorless liquid. Freezing point: -61.7\u2103, Boiling point: 156.3\u2103, 51\u2103 (2.8kPa), Relative density: 0.973 (20\u2103), Melting point: -61.7\u2103, Refractive index: 1.4055 (20\u2103), Flash point: 51\u2103 (closed cup), 66\u2103 (open cup), Ignition point: 379\u2103. It can be mixed with common organic solvents and is soluble in [&hellip;]<\/p>\n","protected":false},"featured_media":6327,"template":"","meta":{"_seopress_robots_primary_cat":"","_seopress_titles_title":"","_seopress_titles_desc":"","_seopress_robots_index":"","_uag_custom_page_level_css":"","site-sidebar-layout":"default","site-content-layout":"","ast-site-content-layout":"default","site-content-style":"default","site-sidebar-style":"default","ast-global-header-display":"","ast-banner-title-visibility":"","ast-main-header-display":"","ast-hfb-above-header-display":"","ast-hfb-below-header-display":"","ast-hfb-mobile-header-display":"","site-post-title":"","ast-breadcrumbs-content":"","ast-featured-img":"","footer-sml-layout":"","theme-transparent-header-meta":"default","adv-header-id-meta":"","stick-header-meta":"default","header-above-stick-meta":"","header-main-stick-meta":"","header-below-stick-meta":"","astra-migrate-meta-layouts":"set","ast-page-background-enabled":"default","ast-page-background-meta":{"desktop":{"background-color":"","background-image":"","background-repeat":"repeat","background-position":"center center","background-size":"auto","background-attachment":"scroll","background-type":"","background-media":"","overlay-type":"","overlay-color":"","overlay-opacity":"","overlay-gradient":""},"tablet":{"background-color":"","background-image":"","background-repeat":"repeat","background-position":"center center","background-size":"auto","background-attachment":"scroll","background-type":"","background-media":"","overlay-type":"","overlay-color":"","overlay-opacity":"","overlay-gradient":""},"mobile":{"background-color":"","background-image":"","background-repeat":"repeat","background-position":"center center","background-size":"auto","background-attachment":"scroll","background-type":"","background-media":"","overlay-type":"","overlay-color":"","overlay-opacity":"","overlay-gradient":""}},"ast-content-background-meta":{"desktop":{"background-color":"var(--ast-global-color-5)","background-image":"","background-repeat":"repeat","background-position":"center center","background-size":"auto","background-attachment":"scroll","background-type":"","background-media":"","overlay-type":"","overlay-color":"","overlay-opacity":"","overlay-gradient":""},"tablet":{"background-color":"var(--ast-global-color-5)","background-image":"","background-repeat":"repeat","background-position":"center center","background-size":"auto","background-attachment":"scroll","background-type":"","background-media":"","overlay-type":"","overlay-color":"","overlay-opacity":"","overlay-gradient":""},"mobile":{"background-color":"var(--ast-global-color-5)","background-image":"","background-repeat":"repeat","background-position":"center center","background-size":"auto","background-attachment":"scroll","background-type":"","background-media":"","overlay-type":"","overlay-color":"","overlay-opacity":"","overlay-gradient":""}}},"product_brand":[],"product_cat":[70],"product_tag":[],"class_list":{"0":"post-6324","1":"product","2":"type-product","3":"status-publish","4":"has-post-thumbnail","6":"product_cat-industrial-raw-materials","7":"desktop-align-left","8":"tablet-align-left","9":"mobile-align-left","10":"ast-product-gallery-layout-horizontal-slider","11":"ast-product-gallery-with-no-image","12":"ast-product-tabs-layout-horizontal","14":"first","15":"instock","16":"shipping-taxable","17":"product-type-simple"},"uagb_featured_image_src":{"full":["https:\/\/jinancuchem.com\/wp-content\/uploads\/2025\/08\/Ethylene-glycol-monoethyl-ether-acetate\uff08CAC\uff09.jpg",270,84,false],"thumbnail":["https:\/\/jinancuchem.com\/wp-content\/uploads\/2025\/08\/Ethylene-glycol-monoethyl-ether-acetate\uff08CAC\uff09-150x84.jpg",150,84,true],"medium":["https:\/\/jinancuchem.com\/wp-content\/uploads\/2025\/08\/Ethylene-glycol-monoethyl-ether-acetate\uff08CAC\uff09.jpg",270,84,false],"medium_large":["https:\/\/jinancuchem.com\/wp-content\/uploads\/2025\/08\/Ethylene-glycol-monoethyl-ether-acetate\uff08CAC\uff09.jpg",270,84,false],"large":["https:\/\/jinancuchem.com\/wp-content\/uploads\/2025\/08\/Ethylene-glycol-monoethyl-ether-acetate\uff08CAC\uff09.jpg",270,84,false],"1536x1536":["https:\/\/jinancuchem.com\/wp-content\/uploads\/2025\/08\/Ethylene-glycol-monoethyl-ether-acetate\uff08CAC\uff09.jpg",270,84,false],"2048x2048":["https:\/\/jinancuchem.com\/wp-content\/uploads\/2025\/08\/Ethylene-glycol-monoethyl-ether-acetate\uff08CAC\uff09.jpg",270,84,false],"trp-custom-language-flag":["https:\/\/jinancuchem.com\/wp-content\/uploads\/2025\/08\/Ethylene-glycol-monoethyl-ether-acetate\uff08CAC\uff09-18x6.jpg",18,6,true],"woocommerce_thumbnail":["https:\/\/jinancuchem.com\/wp-content\/uploads\/2025\/08\/Ethylene-glycol-monoethyl-ether-acetate\uff08CAC\uff09.jpg",270,84,false],"woocommerce_single":["https:\/\/jinancuchem.com\/wp-content\/uploads\/2025\/08\/Ethylene-glycol-monoethyl-ether-acetate\uff08CAC\uff09.jpg",270,84,false],"woocommerce_gallery_thumbnail":["https:\/\/jinancuchem.com\/wp-content\/uploads\/2025\/08\/Ethylene-glycol-monoethyl-ether-acetate\uff08CAC\uff09-100x84.jpg",100,84,true]},"uagb_author_info":{"display_name":"jinxing6611@gmail.com","author_link":"https:\/\/jinancuchem.com\/fr\/author\/"},"uagb_comment_info":0,"uagb_excerpt":"\u3010CAS\u3011111-15-9 Chemical formula: C6H12O3 Molecular weight:132.16 \u3010Structural Formula\u3011 1. Product Property Colorless liquid. Freezing point: -61.7\u2103, Boiling point: 156.3\u2103, 51\u2103 (2.8kPa), Relative density: 0.973 (20\u2103), Melting point: -61.7\u2103, Refractive index: 1.4055 (20\u2103), Flash point: 51\u2103 (closed cup), 66\u2103 (open cup), Ignition point: 379\u2103. It can be mixed with common organic solvents and is soluble in\u2026","_links":{"self":[{"href":"https:\/\/jinancuchem.com\/fr\/wp-json\/wp\/v2\/product\/6324","targetHints":{"allow":["GET"]}}],"collection":[{"href":"https:\/\/jinancuchem.com\/fr\/wp-json\/wp\/v2\/product"}],"about":[{"href":"https:\/\/jinancuchem.com\/fr\/wp-json\/wp\/v2\/types\/product"}],"wp:featuredmedia":[{"embeddable":true,"href":"https:\/\/jinancuchem.com\/fr\/wp-json\/wp\/v2\/media\/6327"}],"wp:attachment":[{"href":"https:\/\/jinancuchem.com\/fr\/wp-json\/wp\/v2\/media?parent=6324"}],"wp:term":[{"taxonomy":"product_brand","embeddable":true,"href":"https:\/\/jinancuchem.com\/fr\/wp-json\/wp\/v2\/product_brand?post=6324"},{"taxonomy":"product_cat","embeddable":true,"href":"https:\/\/jinancuchem.com\/fr\/wp-json\/wp\/v2\/product_cat?post=6324"},{"taxonomy":"product_tag","embeddable":true,"href":"https:\/\/jinancuchem.com\/fr\/wp-json\/wp\/v2\/product_tag?post=6324"}],"curies":[{"name":"wp","href":"https:\/\/api.w.org\/{rel}","templated":true}]}}