{"id":6328,"date":"2025-08-07T02:43:45","date_gmt":"2025-08-07T02:43:45","guid":{"rendered":"https:\/\/jinancuchem.com\/?post_type=product&#038;p=6328"},"modified":"2025-08-07T02:44:11","modified_gmt":"2025-08-07T02:44:11","slug":"1-methoxy-2-propyl-acetatepma","status":"publish","type":"product","link":"https:\/\/jinancuchem.com\/fr\/produit\/1-methoxy-2-propyl-acetatepma\/","title":{"rendered":"Ac\u00e9tate de 1-m\u00e9thoxy-2-propyle (PMA)"},"content":{"rendered":"<p>\u3010CAS\u3011108-65-6<\/p>\n<p>Formule chimique : C6H12O3<\/p>\n<p>Poids mol\u00e9culaire : 132,16<\/p>\n<p>\u3010Structural Formula\u3011<img alt=\"\" decoding=\"async\" class=\"alignnone size-full wp-image-6331\" src=\"https:\/\/jinancuchem.com\/wp-content\/uploads\/2025\/08\/1-Methoxy-2-Propyl-AcetatePMA.jpg\" width=\"224\" height=\"86\" srcset=\"https:\/\/jinancuchem.com\/wp-content\/uploads\/2025\/08\/1-Methoxy-2-Propyl-AcetatePMA.jpg 224w, https:\/\/jinancuchem.com\/wp-content\/uploads\/2025\/08\/1-Methoxy-2-Propyl-AcetatePMA-18x7.jpg 18w\" sizes=\"(max-width: 224px) 100vw, 224px\" \/><\/p>\n<h3><strong><b>1. Propri\u00e9t\u00e9 du produit<\/b><\/strong><\/h3>\n<p>Le PMA est un liquide incolore et volatil avec une l\u00e9g\u00e8re odeur d'ester. Il pr\u00e9sente une excellente solubilit\u00e9 dans l'eau et la plupart des solvants organiques, avec un point d'\u00e9bullition de 146\u00b0C et une faible viscosit\u00e9. En tant qu'\u00e9ther glycolique, il combine les propri\u00e9t\u00e9s des \u00e9thers et des ac\u00e9tates, offrant des taux d'\u00e9vaporation \u00e9quilibr\u00e9s et un bon pouvoir solvant pour les r\u00e9sines et les polym\u00e8res. Sa faible tension superficielle le rend id\u00e9al pour les applications de rev\u00eatement.<\/p>\n<h3><b>2.\u00a0<\/b><strong><b>Normes de qualit\u00e9<\/b><\/strong><\/h3>\n<table>\n<tbody>\n<tr>\n<td><strong><b>Param\u00e8tres<\/b><\/strong><\/td>\n<td><strong><b>Sp\u00e9cifications<\/b><\/strong><\/td>\n<\/tr>\n<tr>\n<td><strong><b>Puret\u00e9 (%)<\/b><\/strong><\/td>\n<td>\u2265 99.0<\/td>\n<\/tr>\n<tr>\n<td><strong><b>Acidit\u00e9 (en tant qu'acide ac\u00e9tique)<\/b><\/strong><\/td>\n<td>\u2264 0,01%<\/td>\n<\/tr>\n<tr>\n<td><strong><b>Teneur en eau<\/b><\/strong><\/td>\n<td>\u2264 0,1%<\/td>\n<\/tr>\n<tr>\n<td><strong><b>Couleur (APHA)<\/b><\/strong><\/td>\n<td>\u2264 10<\/td>\n<\/tr>\n<tr>\n<td><strong><b>Densit\u00e9 (20\u00b0C, g\/cm\u00b3)<\/b><\/strong><\/td>\n<td>0.965-0.975<\/td>\n<\/tr>\n<tr>\n<td><strong><b>Plage d'\u00e9bullition (\u00b0C)<\/b><\/strong><\/td>\n<td>145-150<\/td>\n<\/tr>\n<tr>\n<td><strong><b>Indice de r\u00e9fraction (20\u00b0C)<\/b><\/strong><\/td>\n<td>1.400-1.405<\/td>\n<\/tr>\n<tr>\n<td><strong><b>R\u00e9sidu d'\u00e9vaporation<\/b><\/strong><\/td>\n<td>\u2264 0,01%<\/td>\n<\/tr>\n<\/tbody>\n<\/table>\n<h3><strong><b>3. Champ d'application et utilisation<\/b><\/strong><\/h3>\n<p>Le PMA est largement utilis\u00e9 comme solvant dans les peintures, les rev\u00eatements et les encres en raison de son efficacit\u00e9 \u00e0 dissoudre les r\u00e9sines et de son taux d'\u00e9vaporation lent. Il est un composant cl\u00e9 dans les formulations de r\u00e9sine photosensible pour la fabrication de semi-conducteurs et d'\u00e9crans. Dans l'\u00e9lectronique, il nettoie les circuits imprim\u00e9s et \u00e9limine les flux. L'industrie des adh\u00e9sifs l'utilise pour les syst\u00e8mes de polyur\u00e9thane et d'\u00e9poxy. En outre, il sert d'agent coalescent dans les peintures au latex et de solvant porteur pour les colorants. Une manipulation s\u00fbre n\u00e9cessite une ventilation ad\u00e9quate afin de minimiser l'exposition par inhalation.<\/p>\n<h3><strong><b>4. Emballage et stockage<\/b><\/strong><\/h3>\n<p>Le PMA est g\u00e9n\u00e9ralement conditionn\u00e9 dans des f\u00fbts en acier de 200 litres ou des conteneurs IBC de 1 000 litres avec des rev\u00eatements en poly\u00e9thyl\u00e8ne. Stocker dans un endroit frais et bien ventil\u00e9, \u00e0 l'abri de la lumi\u00e8re directe du soleil et des sources d'inflammation. Les conteneurs doivent \u00eatre ferm\u00e9s herm\u00e9tiquement pour \u00e9viter l'absorption d'humidit\u00e9 et la volatilisation. La dur\u00e9e de conservation est sup\u00e9rieure \u00e0 24 mois lorsque le produit est stock\u00e9 \u00e0 une temp\u00e9rature inf\u00e9rieure \u00e0 30\u00b0C. Transporter comme un liquide inflammable (UN 1993) avec un \u00e9tiquetage de danger appropri\u00e9. Utiliser un \u00e9quipement reli\u00e9 \u00e0 la terre pendant le transfert pour \u00e9viter les d\u00e9charges d'\u00e9lectricit\u00e9 statique. L'\u00e9quipement de protection individuelle (gants, lunettes) est obligatoire lors de la manipulation.<\/p>","protected":false},"excerpt":{"rendered":"<p>\u3010CAS\u3011108-65-6 Chemical formula: C6H12O3 Molecular weight:132.16 \u3010Structural Formula\u3011 1. Product Property PMA\u00a0is a colorless, volatile liquid with a mild ester-like odor. It exhibits excellent solubility in water and most organic solvents, with a boiling point of 146\u00b0C and low viscosity. As a glycol ether ester, it combines the properties of both ethers and acetates, offering [&hellip;]<\/p>\n","protected":false},"featured_media":6331,"template":"","meta":{"_seopress_robots_primary_cat":"none","_seopress_titles_title":"","_seopress_titles_desc":"","_seopress_robots_index":"","_uag_custom_page_level_css":"","site-sidebar-layout":"default","site-content-layout":"","ast-site-content-layout":"default","site-content-style":"default","site-sidebar-style":"default","ast-global-header-display":"","ast-banner-title-visibility":"","ast-main-header-display":"","ast-hfb-above-header-display":"","ast-hfb-below-header-display":"","ast-hfb-mobile-header-display":"","site-post-title":"","ast-breadcrumbs-content":"","ast-featured-img":"","footer-sml-layout":"","theme-transparent-header-meta":"default","adv-header-id-meta":"","stick-header-meta":"default","header-above-stick-meta":"","header-main-stick-meta":"","header-below-stick-meta":"","astra-migrate-meta-layouts":"set","ast-page-background-enabled":"default","ast-page-background-meta":{"desktop":{"background-color":"","background-image":"","background-repeat":"repeat","background-position":"center center","background-size":"auto","background-attachment":"scroll","background-type":"","background-media":"","overlay-type":"","overlay-color":"","overlay-opacity":"","overlay-gradient":""},"tablet":{"background-color":"","background-image":"","background-repeat":"repeat","background-position":"center center","background-size":"auto","background-attachment":"scroll","background-type":"","background-media":"","overlay-type":"","overlay-color":"","overlay-opacity":"","overlay-gradient":""},"mobile":{"background-color":"","background-image":"","background-repeat":"repeat","background-position":"center center","background-size":"auto","background-attachment":"scroll","background-type":"","background-media":"","overlay-type":"","overlay-color":"","overlay-opacity":"","overlay-gradient":""}},"ast-content-background-meta":{"desktop":{"background-color":"var(--ast-global-color-5)","background-image":"","background-repeat":"repeat","background-position":"center center","background-size":"auto","background-attachment":"scroll","background-type":"","background-media":"","overlay-type":"","overlay-color":"","overlay-opacity":"","overlay-gradient":""},"tablet":{"background-color":"var(--ast-global-color-5)","background-image":"","background-repeat":"repeat","background-position":"center center","background-size":"auto","background-attachment":"scroll","background-type":"","background-media":"","overlay-type":"","overlay-color":"","overlay-opacity":"","overlay-gradient":""},"mobile":{"background-color":"var(--ast-global-color-5)","background-image":"","background-repeat":"repeat","background-position":"center center","background-size":"auto","background-attachment":"scroll","background-type":"","background-media":"","overlay-type":"","overlay-color":"","overlay-opacity":"","overlay-gradient":""}}},"product_brand":[],"product_cat":[70],"product_tag":[],"class_list":{"0":"post-6328","1":"product","2":"type-product","3":"status-publish","4":"has-post-thumbnail","6":"product_cat-industrial-raw-materials","7":"desktop-align-left","8":"tablet-align-left","9":"mobile-align-left","10":"ast-product-gallery-layout-horizontal-slider","11":"ast-product-gallery-with-no-image","12":"ast-product-tabs-layout-horizontal","14":"first","15":"instock","16":"shipping-taxable","17":"product-type-simple"},"uagb_featured_image_src":{"full":["https:\/\/jinancuchem.com\/wp-content\/uploads\/2025\/08\/1-Methoxy-2-Propyl-AcetatePMA.jpg",224,86,false],"thumbnail":["https:\/\/jinancuchem.com\/wp-content\/uploads\/2025\/08\/1-Methoxy-2-Propyl-AcetatePMA-150x86.jpg",150,86,true],"medium":["https:\/\/jinancuchem.com\/wp-content\/uploads\/2025\/08\/1-Methoxy-2-Propyl-AcetatePMA.jpg",224,86,false],"medium_large":["https:\/\/jinancuchem.com\/wp-content\/uploads\/2025\/08\/1-Methoxy-2-Propyl-AcetatePMA.jpg",224,86,false],"large":["https:\/\/jinancuchem.com\/wp-content\/uploads\/2025\/08\/1-Methoxy-2-Propyl-AcetatePMA.jpg",224,86,false],"1536x1536":["https:\/\/jinancuchem.com\/wp-content\/uploads\/2025\/08\/1-Methoxy-2-Propyl-AcetatePMA.jpg",224,86,false],"2048x2048":["https:\/\/jinancuchem.com\/wp-content\/uploads\/2025\/08\/1-Methoxy-2-Propyl-AcetatePMA.jpg",224,86,false],"trp-custom-language-flag":["https:\/\/jinancuchem.com\/wp-content\/uploads\/2025\/08\/1-Methoxy-2-Propyl-AcetatePMA-18x7.jpg",18,7,true],"woocommerce_thumbnail":["https:\/\/jinancuchem.com\/wp-content\/uploads\/2025\/08\/1-Methoxy-2-Propyl-AcetatePMA.jpg",224,86,false],"woocommerce_single":["https:\/\/jinancuchem.com\/wp-content\/uploads\/2025\/08\/1-Methoxy-2-Propyl-AcetatePMA.jpg",224,86,false],"woocommerce_gallery_thumbnail":["https:\/\/jinancuchem.com\/wp-content\/uploads\/2025\/08\/1-Methoxy-2-Propyl-AcetatePMA-100x86.jpg",100,86,true]},"uagb_author_info":{"display_name":"jinxing6611@gmail.com","author_link":"https:\/\/jinancuchem.com\/fr\/author\/"},"uagb_comment_info":0,"uagb_excerpt":"\u3010CAS\u3011108-65-6 Chemical formula: C6H12O3 Molecular weight:132.16 \u3010Structural Formula\u3011 1. Product Property PMA\u00a0is a colorless, volatile liquid with a mild ester-like odor. It exhibits excellent solubility in water and most organic solvents, with a boiling point of 146\u00b0C and low viscosity. As a glycol ether ester, it combines the properties of both ethers and acetates, offering\u2026","_links":{"self":[{"href":"https:\/\/jinancuchem.com\/fr\/wp-json\/wp\/v2\/product\/6328","targetHints":{"allow":["GET"]}}],"collection":[{"href":"https:\/\/jinancuchem.com\/fr\/wp-json\/wp\/v2\/product"}],"about":[{"href":"https:\/\/jinancuchem.com\/fr\/wp-json\/wp\/v2\/types\/product"}],"wp:featuredmedia":[{"embeddable":true,"href":"https:\/\/jinancuchem.com\/fr\/wp-json\/wp\/v2\/media\/6331"}],"wp:attachment":[{"href":"https:\/\/jinancuchem.com\/fr\/wp-json\/wp\/v2\/media?parent=6328"}],"wp:term":[{"taxonomy":"product_brand","embeddable":true,"href":"https:\/\/jinancuchem.com\/fr\/wp-json\/wp\/v2\/product_brand?post=6328"},{"taxonomy":"product_cat","embeddable":true,"href":"https:\/\/jinancuchem.com\/fr\/wp-json\/wp\/v2\/product_cat?post=6328"},{"taxonomy":"product_tag","embeddable":true,"href":"https:\/\/jinancuchem.com\/fr\/wp-json\/wp\/v2\/product_tag?post=6328"}],"curies":[{"name":"wp","href":"https:\/\/api.w.org\/{rel}","templated":true}]}}