{"id":6336,"date":"2025-08-07T02:53:55","date_gmt":"2025-08-07T02:53:55","guid":{"rendered":"https:\/\/jinancuchem.com\/?post_type=product&#038;p=6336"},"modified":"2025-08-07T02:53:55","modified_gmt":"2025-08-07T02:53:55","slug":"1-methoxy-2-propanol","status":"publish","type":"product","link":"https:\/\/jinancuchem.com\/fr\/produit\/1-methoxy-2-propanol\/","title":{"rendered":"1-M\u00e9thoxy-2-propanol"},"content":{"rendered":"<p>\u3010CAS\u3011107-98-2<\/p>\n<p>Formule chimique : C4H10O2<\/p>\n<p>Poids mol\u00e9culaire : 90,12<\/p>\n<p>\u3010Structural Formula\u3011<img alt=\"\" decoding=\"async\" class=\"alignnone size-full wp-image-6339\" src=\"https:\/\/jinancuchem.com\/wp-content\/uploads\/2025\/08\/1-Methoxy-2-propanol.jpg\" width=\"157\" height=\"82\" srcset=\"https:\/\/jinancuchem.com\/wp-content\/uploads\/2025\/08\/1-Methoxy-2-propanol.jpg 157w, https:\/\/jinancuchem.com\/wp-content\/uploads\/2025\/08\/1-Methoxy-2-propanol-18x9.jpg 18w\" sizes=\"(max-width: 157px) 100vw, 157px\" \/><\/p>\n<h3><strong><b>1. Propri\u00e9t\u00e9 du produit<\/b><\/strong><\/h3>\n<p>L'\u00e9ther m\u00e9thylique de propyl\u00e8ne glycol (PGME) est un liquide incolore, \u00e0 faible odeur, dot\u00e9 d'excellentes propri\u00e9t\u00e9s de solvabilit\u00e9. Il est miscible avec l'eau et la plupart des solvants organiques, ce qui en fait un produit chimique industriel polyvalent. Le PGME a un taux d'\u00e9vaporation mod\u00e9r\u00e9 et une faible toxicit\u00e9 par rapport aux \u00e9thers de glycol similaires. Sa nature hydrophile-lipophile \u00e9quilibr\u00e9e lui permet de fonctionner comme un agent de couplage efficace dans diverses formulations. Le compos\u00e9 pr\u00e9sente une bonne stabilit\u00e9 chimique et est biod\u00e9gradable dans des conditions environnementales.<\/p>\n<h3><strong><b>2. Normes de qualit\u00e9<\/b><\/strong><\/h3>\n<table>\n<tbody>\n<tr>\n<td><strong><b>Param\u00e8tres<\/b><\/strong><\/td>\n<td><strong><b>Sp\u00e9cifications<\/b><\/strong><\/td>\n<\/tr>\n<tr>\n<td><strong><b>Puret\u00e9 (%)<\/b><\/strong><\/td>\n<td>\u2265 99.5<\/td>\n<\/tr>\n<tr>\n<td><strong><b>Apparence<\/b><\/strong><\/td>\n<td>Liquide clair et incolore<\/td>\n<\/tr>\n<tr>\n<td><strong><b>Densit\u00e9 (20\u00b0C, g\/cm\u00b3)<\/b><\/strong><\/td>\n<td>0.920-0.925<\/td>\n<\/tr>\n<tr>\n<td><strong><b>Point d'\u00e9bullition (\u00b0C)<\/b><\/strong><\/td>\n<td>118-121<\/td>\n<\/tr>\n<tr>\n<td><strong><b>Teneur en eau (wt%) \u2264<\/b><\/strong><\/td>\n<td>0.1<\/td>\n<\/tr>\n<tr>\n<td><strong><b>Acidit\u00e9 (en tant qu'acide ac\u00e9tique) \u2264<\/b><\/strong><\/td>\n<td>0.005%<\/td>\n<\/tr>\n<tr>\n<td><strong><b>Plage de distillation (\u00b0C)<\/b><\/strong><\/td>\n<td>117-121 (\u2265 95% vol)<\/td>\n<\/tr>\n<tr>\n<td><strong><b>R\u00e9sidu d'\u00e9vaporation \u2264<\/b><\/strong><\/td>\n<td>0.005%<\/td>\n<\/tr>\n<\/tbody>\n<\/table>\n<h3><strong><b>3. Champ d'application et utilisation<\/b><\/strong><\/h3>\n<p>Le PGME est largement utilis\u00e9 comme solvant dans les rev\u00eatements, les encres et les formulations de nettoyage en raison de son taux d'\u00e9vaporation \u00e9quilibr\u00e9 et de son pouvoir solvant. Dans les peintures, il am\u00e9liore l'\u00e9coulement et le nivellement tout en r\u00e9duisant la viscosit\u00e9. L'industrie de l'imprimerie l'utilise comme solvant porteur pour les colorants et les pigments. Le PGME sert d'agent de couplage dans les nettoyants m\u00e9nagers et industriels, am\u00e9liorant l'\u00e9limination des huiles et des graisses. Il est \u00e9galement utilis\u00e9 dans les produits chimiques \u00e9lectroniques pour les formulations de r\u00e9sine photosensible et le nettoyage des semi-conducteurs. La faible toxicit\u00e9 de ce produit chimique lui permet d'\u00eatre utilis\u00e9 dans les produits de consommation, y compris dans les formulations de soins personnels lorsqu'elles sont r\u00e9glement\u00e9es.<\/p>\n<h3><strong><b>4. Emballage et stockage<\/b><\/strong><\/h3>\n<p>L'\u00e9ther m\u00e9thylique de propyl\u00e8ne glycol (PGME) est g\u00e9n\u00e9ralement conditionn\u00e9 en\u00a0<strong><b>F\u00fbts en acier de 190 kg<\/b><\/strong>\u00a0ou\u00a0<strong><b>Conteneurs-citernes ISO<\/b><\/strong>\u00a0pour le transport en vrac. En ce qui concerne le stockage, le produit doit \u00eatre conserv\u00e9 dans un endroit s\u00fbr.\u00a0<strong><b>endroit frais, sec et bien ventil\u00e9<\/b><\/strong>\u00a0\u00e0 l'abri de la lumi\u00e8re directe du soleil et des sources de chaleur. En tant que produit chimique r\u00e9glement\u00e9, il doit \u00eatre manipul\u00e9 et transport\u00e9 conform\u00e9ment aux dispositions suivantes\u00a0<strong><b>r\u00e8glements sur les mati\u00e8res dangereuses<\/b><\/strong>.<\/p>","protected":false},"excerpt":{"rendered":"<p>\u3010CAS\u3011107-98-2 Chemical formula: C4H10O2 Molecular weight:90.12 \u3010Structural Formula\u3011 1. Product Property Propylene Glycol Methyl Ether (PGME) is a colorless, low-odor liquid with excellent solvency properties. It is miscible with water and most organic solvents, making it a versatile industrial chemical. PGME has a moderate evaporation rate and low toxicity compared to similar glycol ethers. Its [&hellip;]<\/p>\n","protected":false},"featured_media":6339,"template":"","meta":{"_seopress_robots_primary_cat":"","_seopress_titles_title":"","_seopress_titles_desc":"","_seopress_robots_index":"","_uag_custom_page_level_css":"","site-sidebar-layout":"default","site-content-layout":"","ast-site-content-layout":"default","site-content-style":"default","site-sidebar-style":"default","ast-global-header-display":"","ast-banner-title-visibility":"","ast-main-header-display":"","ast-hfb-above-header-display":"","ast-hfb-below-header-display":"","ast-hfb-mobile-header-display":"","site-post-title":"","ast-breadcrumbs-content":"","ast-featured-img":"","footer-sml-layout":"","theme-transparent-header-meta":"default","adv-header-id-meta":"","stick-header-meta":"default","header-above-stick-meta":"","header-main-stick-meta":"","header-below-stick-meta":"","astra-migrate-meta-layouts":"set","ast-page-background-enabled":"default","ast-page-background-meta":{"desktop":{"background-color":"","background-image":"","background-repeat":"repeat","background-position":"center center","background-size":"auto","background-attachment":"scroll","background-type":"","background-media":"","overlay-type":"","overlay-color":"","overlay-opacity":"","overlay-gradient":""},"tablet":{"background-color":"","background-image":"","background-repeat":"repeat","background-position":"center center","background-size":"auto","background-attachment":"scroll","background-type":"","background-media":"","overlay-type":"","overlay-color":"","overlay-opacity":"","overlay-gradient":""},"mobile":{"background-color":"","background-image":"","background-repeat":"repeat","background-position":"center center","background-size":"auto","background-attachment":"scroll","background-type":"","background-media":"","overlay-type":"","overlay-color":"","overlay-opacity":"","overlay-gradient":""}},"ast-content-background-meta":{"desktop":{"background-color":"var(--ast-global-color-5)","background-image":"","background-repeat":"repeat","background-position":"center center","background-size":"auto","background-attachment":"scroll","background-type":"","background-media":"","overlay-type":"","overlay-color":"","overlay-opacity":"","overlay-gradient":""},"tablet":{"background-color":"var(--ast-global-color-5)","background-image":"","background-repeat":"repeat","background-position":"center center","background-size":"auto","background-attachment":"scroll","background-type":"","background-media":"","overlay-type":"","overlay-color":"","overlay-opacity":"","overlay-gradient":""},"mobile":{"background-color":"var(--ast-global-color-5)","background-image":"","background-repeat":"repeat","background-position":"center center","background-size":"auto","background-attachment":"scroll","background-type":"","background-media":"","overlay-type":"","overlay-color":"","overlay-opacity":"","overlay-gradient":""}}},"product_brand":[],"product_cat":[70],"product_tag":[],"class_list":{"0":"post-6336","1":"product","2":"type-product","3":"status-publish","4":"has-post-thumbnail","6":"product_cat-industrial-raw-materials","7":"desktop-align-left","8":"tablet-align-left","9":"mobile-align-left","10":"ast-product-gallery-layout-horizontal-slider","11":"ast-product-gallery-with-no-image","12":"ast-product-tabs-layout-horizontal","14":"first","15":"instock","16":"shipping-taxable","17":"product-type-simple"},"uagb_featured_image_src":{"full":["https:\/\/jinancuchem.com\/wp-content\/uploads\/2025\/08\/1-Methoxy-2-propanol.jpg",157,82,false],"thumbnail":["https:\/\/jinancuchem.com\/wp-content\/uploads\/2025\/08\/1-Methoxy-2-propanol-150x82.jpg",150,82,true],"medium":["https:\/\/jinancuchem.com\/wp-content\/uploads\/2025\/08\/1-Methoxy-2-propanol.jpg",157,82,false],"medium_large":["https:\/\/jinancuchem.com\/wp-content\/uploads\/2025\/08\/1-Methoxy-2-propanol.jpg",157,82,false],"large":["https:\/\/jinancuchem.com\/wp-content\/uploads\/2025\/08\/1-Methoxy-2-propanol.jpg",157,82,false],"1536x1536":["https:\/\/jinancuchem.com\/wp-content\/uploads\/2025\/08\/1-Methoxy-2-propanol.jpg",157,82,false],"2048x2048":["https:\/\/jinancuchem.com\/wp-content\/uploads\/2025\/08\/1-Methoxy-2-propanol.jpg",157,82,false],"trp-custom-language-flag":["https:\/\/jinancuchem.com\/wp-content\/uploads\/2025\/08\/1-Methoxy-2-propanol-18x9.jpg",18,9,true],"woocommerce_thumbnail":["https:\/\/jinancuchem.com\/wp-content\/uploads\/2025\/08\/1-Methoxy-2-propanol.jpg",157,82,false],"woocommerce_single":["https:\/\/jinancuchem.com\/wp-content\/uploads\/2025\/08\/1-Methoxy-2-propanol.jpg",157,82,false],"woocommerce_gallery_thumbnail":["https:\/\/jinancuchem.com\/wp-content\/uploads\/2025\/08\/1-Methoxy-2-propanol-100x82.jpg",100,82,true]},"uagb_author_info":{"display_name":"jinxing6611@gmail.com","author_link":"https:\/\/jinancuchem.com\/fr\/author\/"},"uagb_comment_info":0,"uagb_excerpt":"\u3010CAS\u3011107-98-2 Chemical formula: C4H10O2 Molecular weight:90.12 \u3010Structural Formula\u3011 1. Product Property Propylene Glycol Methyl Ether (PGME) is a colorless, low-odor liquid with excellent solvency properties. It is miscible with water and most organic solvents, making it a versatile industrial chemical. PGME has a moderate evaporation rate and low toxicity compared to similar glycol ethers. Its\u2026","_links":{"self":[{"href":"https:\/\/jinancuchem.com\/fr\/wp-json\/wp\/v2\/product\/6336","targetHints":{"allow":["GET"]}}],"collection":[{"href":"https:\/\/jinancuchem.com\/fr\/wp-json\/wp\/v2\/product"}],"about":[{"href":"https:\/\/jinancuchem.com\/fr\/wp-json\/wp\/v2\/types\/product"}],"wp:featuredmedia":[{"embeddable":true,"href":"https:\/\/jinancuchem.com\/fr\/wp-json\/wp\/v2\/media\/6339"}],"wp:attachment":[{"href":"https:\/\/jinancuchem.com\/fr\/wp-json\/wp\/v2\/media?parent=6336"}],"wp:term":[{"taxonomy":"product_brand","embeddable":true,"href":"https:\/\/jinancuchem.com\/fr\/wp-json\/wp\/v2\/product_brand?post=6336"},{"taxonomy":"product_cat","embeddable":true,"href":"https:\/\/jinancuchem.com\/fr\/wp-json\/wp\/v2\/product_cat?post=6336"},{"taxonomy":"product_tag","embeddable":true,"href":"https:\/\/jinancuchem.com\/fr\/wp-json\/wp\/v2\/product_tag?post=6336"}],"curies":[{"name":"wp","href":"https:\/\/api.w.org\/{rel}","templated":true}]}}