{"id":6341,"date":"2025-08-07T03:04:09","date_gmt":"2025-08-07T03:04:09","guid":{"rendered":"https:\/\/jinancuchem.com\/?post_type=product&#038;p=6341"},"modified":"2025-08-07T03:04:09","modified_gmt":"2025-08-07T03:04:09","slug":"nn-dimethylformamide%ef%bc%88dmf%ef%bc%89","status":"publish","type":"product","link":"https:\/\/jinancuchem.com\/fr\/produit\/nn-dimethylformamide%ef%bc%88dmf%ef%bc%89\/","title":{"rendered":"N,N-Dim\u00e9thylformamide\uff08DMF\uff09"},"content":{"rendered":"<p>\u3010CAS\u301168-12-2<\/p>\n<p><strong><b>Alias :<\/b><\/strong>\u00a0DMF, N,N-Dim\u00e9thylm\u00e9thanamide, Acide formique dim\u00e9thylamide<\/p>\n<p>Formule chimique : C3H7NO<\/p>\n<p>Poids mol\u00e9culaire : 73,09<\/p>\n<p>\u3010Structural Formula\u3011<img alt=\"\" decoding=\"async\" class=\"alignnone size-full wp-image-6344\" src=\"https:\/\/jinancuchem.com\/wp-content\/uploads\/2025\/08\/NN-Dimethylformamide\uff08DMF\uff09.jpg\" width=\"133\" height=\"76\" srcset=\"https:\/\/jinancuchem.com\/wp-content\/uploads\/2025\/08\/NN-Dimethylformamide\uff08DMF\uff09.jpg 133w, https:\/\/jinancuchem.com\/wp-content\/uploads\/2025\/08\/NN-Dimethylformamide\uff08DMF\uff09-18x10.jpg 18w\" sizes=\"(max-width: 133px) 100vw, 133px\" \/><\/p>\n<h3><strong><b>1. Propri\u00e9t\u00e9 du produit<\/b><\/strong><\/h3>\n<p>Le DMF est un liquide clair, incolore et hygroscopique avec une l\u00e9g\u00e8re odeur d'amine. C'est un solvant aprotique tr\u00e8s polaire, compl\u00e8tement miscible avec l'eau et la plupart des solvants organiques. Le DMF a un point d'\u00e9bullition \u00e9lev\u00e9 (153\u00b0C), une faible volatilit\u00e9 et une large gamme de liquides, ce qui en fait un excellent solvant pour une large gamme de compos\u00e9s organiques et inorganiques. Il est stable dans des conditions normales mais peut se d\u00e9composer \u00e0 des temp\u00e9ratures sup\u00e9rieures \u00e0 350\u00b0C. Le DMF est \u00e9galement connu pour son fort pouvoir solvant et est largement utilis\u00e9 dans la synth\u00e8se chimique et les applications industrielles.<\/p>\n<h3><b>2.\u00a0<\/b><strong><b>Normes de qualit\u00e9<\/b><\/strong><\/h3>\n<table>\n<tbody>\n<tr>\n<td><strong><b>Param\u00e8tres<\/b><\/strong><\/td>\n<td><strong><b>Sp\u00e9cifications<\/b><\/strong><\/td>\n<\/tr>\n<tr>\n<td>Puret\u00e9 (%)<\/td>\n<td>\u2265 99.8<\/td>\n<\/tr>\n<tr>\n<td>Teneur en eau (ppm)<\/td>\n<td>\u2264 300<\/td>\n<\/tr>\n<tr>\n<td>Couleur (APHA)<\/td>\n<td>\u2264 10<\/td>\n<\/tr>\n<tr>\n<td>Dim\u00e9thylamine (ppm)<\/td>\n<td>\u2264 10<\/td>\n<\/tr>\n<tr>\n<td>Acide formique (ppm)<\/td>\n<td>\u2264 3<\/td>\n<\/tr>\n<tr>\n<td>M\u00e9thanol (ppm)<\/td>\n<td>\u2264 100<\/td>\n<\/tr>\n<tr>\n<td>Conductivit\u00e9 (20\u00b0C, \u03bcS\/cm)<\/td>\n<td>\u2264 2.5<\/td>\n<\/tr>\n<tr>\n<td>pH (solution 20%, 25\u00b0C)<\/td>\n<td>6.5-8.5<\/td>\n<\/tr>\n<tr>\n<td>Apparence<\/td>\n<td>Liquide clair et incolore<\/td>\n<\/tr>\n<\/tbody>\n<\/table>\n<h3><strong><b>3. Champ d'application et utilisation<\/b><\/strong><\/h3>\n<p>Le DMF est largement utilis\u00e9 comme solvant dans la production de fibres acryliques, de rev\u00eatements en polyur\u00e9thane et de cuir synth\u00e9tique. Il sert de milieu r\u00e9actionnel et de solvant de cristallisation dans l'industrie pharmaceutique en raison de son excellente solvabilit\u00e9 et de sa stabilit\u00e9. Le DMF est \u00e9galement utilis\u00e9 dans la purification de l'ac\u00e9tyl\u00e8ne et du butadi\u00e8ne, et dans la s\u00e9paration des aromatiques des hydrocarbures aliphatiques dans les processus p\u00e9trochimiques. Il est \u00e9galement utilis\u00e9 dans l'industrie \u00e9lectronique pour le nettoyage et la production de condensateurs \u00e0 haute tension.<\/p>\n<h3><strong><b>4. Emballage et stockage<\/b><\/strong><\/h3>\n<p>Le DMF doit \u00eatre stock\u00e9 dans des r\u00e9cipients herm\u00e9tiques en acier inoxydable ou en aluminium afin d'\u00e9viter l'absorption d'humidit\u00e9. Il est hygroscopique et doit \u00eatre conserv\u00e9 dans une atmosph\u00e8re s\u00e8che d'azote. Les mat\u00e9riaux d'\u00e9tanch\u00e9it\u00e9 appropri\u00e9s sont le PTFE, le poly\u00e9thyl\u00e8ne ou le polypropyl\u00e8ne haute densit\u00e9. Le DMF est g\u00e9n\u00e9ralement fourni dans des f\u00fbts en acier (180-190 kg), des conteneurs IBC (900 kg) ou des citernes en vrac. Il doit \u00eatre stock\u00e9 dans un endroit frais, sec et bien ventil\u00e9, \u00e0 l'\u00e9cart des agents oxydants, des halog\u00e8nes et des acides forts.<\/p>","protected":false},"excerpt":{"rendered":"<p>\u3010CAS\u301168-12-2 Alias:\u00a0DMF, N,N-Dimethylmethanamide, Formic acid dimethylamide Chemical formula: C3H7NO Molecular weight:73.09 \u3010Structural Formula\u3011 1. Product Property DMF is a clear, colorless, hygroscopic liquid with a faint amine-like odor. It is a highly polar aprotic solvent, completely miscible with water and most organic solvents. DMF has a high boiling point (153\u00b0C), low volatility, and a wide [&hellip;]<\/p>\n","protected":false},"featured_media":6344,"template":"","meta":{"_seopress_robots_primary_cat":"","_seopress_titles_title":"","_seopress_titles_desc":"","_seopress_robots_index":"","_uag_custom_page_level_css":"","site-sidebar-layout":"default","site-content-layout":"","ast-site-content-layout":"default","site-content-style":"default","site-sidebar-style":"default","ast-global-header-display":"","ast-banner-title-visibility":"","ast-main-header-display":"","ast-hfb-above-header-display":"","ast-hfb-below-header-display":"","ast-hfb-mobile-header-display":"","site-post-title":"","ast-breadcrumbs-content":"","ast-featured-img":"","footer-sml-layout":"","theme-transparent-header-meta":"default","adv-header-id-meta":"","stick-header-meta":"default","header-above-stick-meta":"","header-main-stick-meta":"","header-below-stick-meta":"","astra-migrate-meta-layouts":"set","ast-page-background-enabled":"default","ast-page-background-meta":{"desktop":{"background-color":"","background-image":"","background-repeat":"repeat","background-position":"center center","background-size":"auto","background-attachment":"scroll","background-type":"","background-media":"","overlay-type":"","overlay-color":"","overlay-opacity":"","overlay-gradient":""},"tablet":{"background-color":"","background-image":"","background-repeat":"repeat","background-position":"center center","background-size":"auto","background-attachment":"scroll","background-type":"","background-media":"","overlay-type":"","overlay-color":"","overlay-opacity":"","overlay-gradient":""},"mobile":{"background-color":"","background-image":"","background-repeat":"repeat","background-position":"center center","background-size":"auto","background-attachment":"scroll","background-type":"","background-media":"","overlay-type":"","overlay-color":"","overlay-opacity":"","overlay-gradient":""}},"ast-content-background-meta":{"desktop":{"background-color":"var(--ast-global-color-5)","background-image":"","background-repeat":"repeat","background-position":"center center","background-size":"auto","background-attachment":"scroll","background-type":"","background-media":"","overlay-type":"","overlay-color":"","overlay-opacity":"","overlay-gradient":""},"tablet":{"background-color":"var(--ast-global-color-5)","background-image":"","background-repeat":"repeat","background-position":"center center","background-size":"auto","background-attachment":"scroll","background-type":"","background-media":"","overlay-type":"","overlay-color":"","overlay-opacity":"","overlay-gradient":""},"mobile":{"background-color":"var(--ast-global-color-5)","background-image":"","background-repeat":"repeat","background-position":"center center","background-size":"auto","background-attachment":"scroll","background-type":"","background-media":"","overlay-type":"","overlay-color":"","overlay-opacity":"","overlay-gradient":""}}},"product_brand":[],"product_cat":[70],"product_tag":[],"class_list":{"0":"post-6341","1":"product","2":"type-product","3":"status-publish","4":"has-post-thumbnail","6":"product_cat-industrial-raw-materials","7":"desktop-align-left","8":"tablet-align-left","9":"mobile-align-left","10":"ast-product-gallery-layout-horizontal-slider","11":"ast-product-gallery-with-no-image","12":"ast-product-tabs-layout-horizontal","14":"first","15":"instock","16":"shipping-taxable","17":"product-type-simple"},"uagb_featured_image_src":{"full":["https:\/\/jinancuchem.com\/wp-content\/uploads\/2025\/08\/NN-Dimethylformamide\uff08DMF\uff09.jpg",133,76,false],"thumbnail":["https:\/\/jinancuchem.com\/wp-content\/uploads\/2025\/08\/NN-Dimethylformamide\uff08DMF\uff09.jpg",133,76,false],"medium":["https:\/\/jinancuchem.com\/wp-content\/uploads\/2025\/08\/NN-Dimethylformamide\uff08DMF\uff09.jpg",133,76,false],"medium_large":["https:\/\/jinancuchem.com\/wp-content\/uploads\/2025\/08\/NN-Dimethylformamide\uff08DMF\uff09.jpg",133,76,false],"large":["https:\/\/jinancuchem.com\/wp-content\/uploads\/2025\/08\/NN-Dimethylformamide\uff08DMF\uff09.jpg",133,76,false],"1536x1536":["https:\/\/jinancuchem.com\/wp-content\/uploads\/2025\/08\/NN-Dimethylformamide\uff08DMF\uff09.jpg",133,76,false],"2048x2048":["https:\/\/jinancuchem.com\/wp-content\/uploads\/2025\/08\/NN-Dimethylformamide\uff08DMF\uff09.jpg",133,76,false],"trp-custom-language-flag":["https:\/\/jinancuchem.com\/wp-content\/uploads\/2025\/08\/NN-Dimethylformamide\uff08DMF\uff09-18x10.jpg",18,10,true],"woocommerce_thumbnail":["https:\/\/jinancuchem.com\/wp-content\/uploads\/2025\/08\/NN-Dimethylformamide\uff08DMF\uff09.jpg",133,76,false],"woocommerce_single":["https:\/\/jinancuchem.com\/wp-content\/uploads\/2025\/08\/NN-Dimethylformamide\uff08DMF\uff09.jpg",133,76,false],"woocommerce_gallery_thumbnail":["https:\/\/jinancuchem.com\/wp-content\/uploads\/2025\/08\/NN-Dimethylformamide\uff08DMF\uff09-100x76.jpg",100,76,true]},"uagb_author_info":{"display_name":"jinxing6611@gmail.com","author_link":"https:\/\/jinancuchem.com\/fr\/author\/"},"uagb_comment_info":0,"uagb_excerpt":"\u3010CAS\u301168-12-2 Alias:\u00a0DMF, N,N-Dimethylmethanamide, Formic acid dimethylamide Chemical formula: C3H7NO Molecular weight:73.09 \u3010Structural Formula\u3011 1. Product Property DMF is a clear, colorless, hygroscopic liquid with a faint amine-like odor. It is a highly polar aprotic solvent, completely miscible with water and most organic solvents. DMF has a high boiling point (153\u00b0C), low volatility, and a wide\u2026","_links":{"self":[{"href":"https:\/\/jinancuchem.com\/fr\/wp-json\/wp\/v2\/product\/6341","targetHints":{"allow":["GET"]}}],"collection":[{"href":"https:\/\/jinancuchem.com\/fr\/wp-json\/wp\/v2\/product"}],"about":[{"href":"https:\/\/jinancuchem.com\/fr\/wp-json\/wp\/v2\/types\/product"}],"wp:featuredmedia":[{"embeddable":true,"href":"https:\/\/jinancuchem.com\/fr\/wp-json\/wp\/v2\/media\/6344"}],"wp:attachment":[{"href":"https:\/\/jinancuchem.com\/fr\/wp-json\/wp\/v2\/media?parent=6341"}],"wp:term":[{"taxonomy":"product_brand","embeddable":true,"href":"https:\/\/jinancuchem.com\/fr\/wp-json\/wp\/v2\/product_brand?post=6341"},{"taxonomy":"product_cat","embeddable":true,"href":"https:\/\/jinancuchem.com\/fr\/wp-json\/wp\/v2\/product_cat?post=6341"},{"taxonomy":"product_tag","embeddable":true,"href":"https:\/\/jinancuchem.com\/fr\/wp-json\/wp\/v2\/product_tag?post=6341"}],"curies":[{"name":"wp","href":"https:\/\/api.w.org\/{rel}","templated":true}]}}