{"id":6345,"date":"2025-08-07T03:06:08","date_gmt":"2025-08-07T03:06:08","guid":{"rendered":"https:\/\/jinancuchem.com\/?post_type=product&#038;p=6345"},"modified":"2025-08-07T03:06:08","modified_gmt":"2025-08-07T03:06:08","slug":"tetrahydrofuran-2","status":"publish","type":"product","link":"https:\/\/jinancuchem.com\/fr\/produit\/tetrahydrofuran-2\/","title":{"rendered":"T\u00e9trahydrofurane"},"content":{"rendered":"<p>\u3010CAS\u3011109-99-9<\/p>\n<p><strong><b>Alias :<\/b><\/strong>THF, Oxolane, 1,4-Epoxybutane<\/p>\n<p>Formule chimique : C4H8O<\/p>\n<p>Poids mol\u00e9culaire : 72,11 g\/mol<\/p>\n<p>\u3010Structural Formula\u3011<img alt=\"\" decoding=\"async\" class=\"alignnone size-full wp-image-6348\" src=\"https:\/\/jinancuchem.com\/wp-content\/uploads\/2025\/08\/Tetrahydrofuran.jpg\" width=\"143\" height=\"133\" srcset=\"https:\/\/jinancuchem.com\/wp-content\/uploads\/2025\/08\/Tetrahydrofuran.jpg 143w, https:\/\/jinancuchem.com\/wp-content\/uploads\/2025\/08\/Tetrahydrofuran-13x12.jpg 13w\" sizes=\"(max-width: 143px) 100vw, 143px\" \/><\/p>\n<h3><strong><b>1. Propri\u00e9t\u00e9 du produit<\/b><\/strong><\/h3>\n<p>Le t\u00e9trahydrofurane (THF) est un\u00a0<strong><b>liquide incolore, volatil<\/b><\/strong>\u00a0avec un\u00a0<strong><b>odeur piquante d'\u00e9ther<\/b><\/strong>. Il est\u00a0<strong><b>hautement polaire<\/b><\/strong>\u00a0et\u00a0<strong><b>compl\u00e8tement miscible<\/b><\/strong>\u00a0avec l'eau et la plupart des solvants organiques. Le THF a une\u00a0<strong><b>faible viscosit\u00e9<\/b><\/strong>\u00a0et\u00a0<strong><b>un pouvoir de solvabilit\u00e9 \u00e9lev\u00e9<\/b><\/strong>ce qui le rend id\u00e9al pour dissoudre les polym\u00e8res et les r\u00e9sines. Il est\u00a0<strong><b>hautement inflammable<\/b><\/strong>\u00a0(point d'\u00e9clair : -14\u00b0C) et forme des\u00a0<strong><b>peroxydes explosifs<\/b><\/strong>\u00a0en cas d'exposition prolong\u00e9e \u00e0 l'air. Ses\u00a0<strong><b>le point d'\u00e9bullition est de 66\u00b0C<\/b><\/strong>et il s'\u00e9vapore facilement \u00e0 temp\u00e9rature ambiante.<\/p>\n<h3><strong><b>2. Normes de qualit\u00e9<\/b><\/strong><\/h3>\n<table>\n<tbody>\n<tr>\n<td><strong><b>Param\u00e8tres<\/b><\/strong><\/td>\n<td><strong><b>Sp\u00e9cifications<\/b><\/strong><\/td>\n<\/tr>\n<tr>\n<td>Puret\u00e9 (GC)<\/td>\n<td>\u2265 99.9%<\/td>\n<\/tr>\n<tr>\n<td>Apparence<\/td>\n<td>Liquide clair et incolore<\/td>\n<\/tr>\n<tr>\n<td>Teneur en eau<\/td>\n<td>\u2264 0,05%<\/td>\n<\/tr>\n<tr>\n<td>Teneur en peroxyde (en H\u2082O\u2082)<\/td>\n<td>\u2264 0,01%<\/td>\n<\/tr>\n<tr>\n<td>Acidit\u00e9 (en tant qu'acide ac\u00e9tique)<\/td>\n<td>\u2264 0,01%<\/td>\n<\/tr>\n<tr>\n<td>Plage d'\u00e9bullition (1 atm)<\/td>\n<td>65-67\u00b0C<\/td>\n<\/tr>\n<tr>\n<td>Densit\u00e9 (20\u00b0C)<\/td>\n<td>0,888-0,889 g\/cm\u00b3<\/td>\n<\/tr>\n<tr>\n<td>Indice de r\u00e9fraction (20\u00b0C)<\/td>\n<td>1.405-1.407<\/td>\n<\/tr>\n<tr>\n<td>Couleur (APHA)<\/td>\n<td>\u2264 10<\/td>\n<\/tr>\n<\/tbody>\n<\/table>\n<h3><strong><b>3. Champ d'application et utilisation<\/b><\/strong><\/h3>\n<p>Le t\u00e9trahydrofurane est un solvant polyvalent largement utilis\u00e9 dans la production de polym\u00e8res tels que le polyt\u00e9tram\u00e9thyl\u00e8ne \u00e9ther glycol (PTMEG), un composant cl\u00e9 des fibres spandex. Il est \u00e9galement utilis\u00e9 dans la synth\u00e8se pharmaceutique, l'agrochimie et comme milieu r\u00e9actionnel dans les r\u00e9actions de Grignard et les r\u00e9actions organom\u00e9talliques. Dans l'industrie des rev\u00eatements et des adh\u00e9sifs, le THF est appr\u00e9ci\u00e9 pour sa forte solvabilit\u00e9 et son taux d'\u00e9vaporation rapide. En outre, il est utilis\u00e9 dans l'extraction d'ingr\u00e9dients pharmaceutiques actifs et dans la formulation de produits chimiques sp\u00e9cialis\u00e9s.<\/p>\n<h3><strong><b>4. Emballage et stockage<\/b><\/strong><\/h3>\n<p>Le THF doit \u00eatre stock\u00e9 dans des conteneurs \u00e9tanches et r\u00e9sistants \u00e0 la lumi\u00e8re, en acier inoxydable, en aluminium ou en verre, sous une atmosph\u00e8re inerte telle que l'azote, afin d'\u00e9viter la formation de peroxyde. Il est g\u00e9n\u00e9ralement conditionn\u00e9 dans des f\u00fbts, des GRV ou des r\u00e9servoirs ISO. Les zones de stockage doivent \u00eatre fra\u00eeches, s\u00e8ches, bien ventil\u00e9es et \u00e9loign\u00e9es des sources d'inflammation. Les conteneurs doivent \u00eatre tenus \u00e0 l'\u00e9cart des agents oxydants, des acides et de la lumi\u00e8re. Il est recommand\u00e9 de tester r\u00e9guli\u00e8rement la teneur en peroxyde pour le stockage \u00e0 long terme.<\/p>","protected":false},"excerpt":{"rendered":"<p>\u3010CAS\u3011109-99-9 Alias:THF, Oxolane, 1,4-Epoxybutane Chemical formula: C4H8O Molecular weight:72.11 g\/mol \u3010Structural Formula\u3011 1. Product Property Tetrahydrofuran (THF) is a\u00a0colorless, volatile liquid\u00a0with a\u00a0pungent ether-like odor. It is\u00a0highly polar\u00a0and\u00a0completely miscible\u00a0with water and most organic solvents. THF has a\u00a0low viscosity\u00a0and\u00a0high solvency power, making it ideal for dissolving polymers and resins. It is\u00a0highly flammable\u00a0(flash point: -14\u00b0C) and forms\u00a0explosive peroxides\u00a0upon [&hellip;]<\/p>\n","protected":false},"featured_media":6348,"template":"","meta":{"_seopress_robots_primary_cat":"","_seopress_titles_title":"","_seopress_titles_desc":"","_seopress_robots_index":"","_uag_custom_page_level_css":"","site-sidebar-layout":"default","site-content-layout":"","ast-site-content-layout":"default","site-content-style":"default","site-sidebar-style":"default","ast-global-header-display":"","ast-banner-title-visibility":"","ast-main-header-display":"","ast-hfb-above-header-display":"","ast-hfb-below-header-display":"","ast-hfb-mobile-header-display":"","site-post-title":"","ast-breadcrumbs-content":"","ast-featured-img":"","footer-sml-layout":"","theme-transparent-header-meta":"default","adv-header-id-meta":"","stick-header-meta":"default","header-above-stick-meta":"","header-main-stick-meta":"","header-below-stick-meta":"","astra-migrate-meta-layouts":"set","ast-page-background-enabled":"default","ast-page-background-meta":{"desktop":{"background-color":"","background-image":"","background-repeat":"repeat","background-position":"center center","background-size":"auto","background-attachment":"scroll","background-type":"","background-media":"","overlay-type":"","overlay-color":"","overlay-opacity":"","overlay-gradient":""},"tablet":{"background-color":"","background-image":"","background-repeat":"repeat","background-position":"center center","background-size":"auto","background-attachment":"scroll","background-type":"","background-media":"","overlay-type":"","overlay-color":"","overlay-opacity":"","overlay-gradient":""},"mobile":{"background-color":"","background-image":"","background-repeat":"repeat","background-position":"center center","background-size":"auto","background-attachment":"scroll","background-type":"","background-media":"","overlay-type":"","overlay-color":"","overlay-opacity":"","overlay-gradient":""}},"ast-content-background-meta":{"desktop":{"background-color":"var(--ast-global-color-5)","background-image":"","background-repeat":"repeat","background-position":"center center","background-size":"auto","background-attachment":"scroll","background-type":"","background-media":"","overlay-type":"","overlay-color":"","overlay-opacity":"","overlay-gradient":""},"tablet":{"background-color":"var(--ast-global-color-5)","background-image":"","background-repeat":"repeat","background-position":"center center","background-size":"auto","background-attachment":"scroll","background-type":"","background-media":"","overlay-type":"","overlay-color":"","overlay-opacity":"","overlay-gradient":""},"mobile":{"background-color":"var(--ast-global-color-5)","background-image":"","background-repeat":"repeat","background-position":"center center","background-size":"auto","background-attachment":"scroll","background-type":"","background-media":"","overlay-type":"","overlay-color":"","overlay-opacity":"","overlay-gradient":""}}},"product_brand":[],"product_cat":[70],"product_tag":[],"class_list":{"0":"post-6345","1":"product","2":"type-product","3":"status-publish","4":"has-post-thumbnail","6":"product_cat-industrial-raw-materials","7":"desktop-align-left","8":"tablet-align-left","9":"mobile-align-left","10":"ast-product-gallery-layout-horizontal-slider","11":"ast-product-gallery-with-no-image","12":"ast-product-tabs-layout-horizontal","14":"first","15":"instock","16":"shipping-taxable","17":"product-type-simple"},"uagb_featured_image_src":{"full":["https:\/\/jinancuchem.com\/wp-content\/uploads\/2025\/08\/Tetrahydrofuran.jpg",143,133,false],"thumbnail":["https:\/\/jinancuchem.com\/wp-content\/uploads\/2025\/08\/Tetrahydrofuran.jpg",143,133,false],"medium":["https:\/\/jinancuchem.com\/wp-content\/uploads\/2025\/08\/Tetrahydrofuran.jpg",143,133,false],"medium_large":["https:\/\/jinancuchem.com\/wp-content\/uploads\/2025\/08\/Tetrahydrofuran.jpg",143,133,false],"large":["https:\/\/jinancuchem.com\/wp-content\/uploads\/2025\/08\/Tetrahydrofuran.jpg",143,133,false],"1536x1536":["https:\/\/jinancuchem.com\/wp-content\/uploads\/2025\/08\/Tetrahydrofuran.jpg",143,133,false],"2048x2048":["https:\/\/jinancuchem.com\/wp-content\/uploads\/2025\/08\/Tetrahydrofuran.jpg",143,133,false],"trp-custom-language-flag":["https:\/\/jinancuchem.com\/wp-content\/uploads\/2025\/08\/Tetrahydrofuran-13x12.jpg",13,12,true],"woocommerce_thumbnail":["https:\/\/jinancuchem.com\/wp-content\/uploads\/2025\/08\/Tetrahydrofuran.jpg",143,133,false],"woocommerce_single":["https:\/\/jinancuchem.com\/wp-content\/uploads\/2025\/08\/Tetrahydrofuran.jpg",143,133,false],"woocommerce_gallery_thumbnail":["https:\/\/jinancuchem.com\/wp-content\/uploads\/2025\/08\/Tetrahydrofuran-100x100.jpg",100,100,true]},"uagb_author_info":{"display_name":"jinxing6611@gmail.com","author_link":"https:\/\/jinancuchem.com\/fr\/author\/"},"uagb_comment_info":0,"uagb_excerpt":"\u3010CAS\u3011109-99-9 Alias:THF, Oxolane, 1,4-Epoxybutane Chemical formula: C4H8O Molecular weight:72.11 g\/mol \u3010Structural Formula\u3011 1. Product Property Tetrahydrofuran (THF) is a\u00a0colorless, volatile liquid\u00a0with a\u00a0pungent ether-like odor. It is\u00a0highly polar\u00a0and\u00a0completely miscible\u00a0with water and most organic solvents. THF has a\u00a0low viscosity\u00a0and\u00a0high solvency power, making it ideal for dissolving polymers and resins. It is\u00a0highly flammable\u00a0(flash point: -14\u00b0C) and forms\u00a0explosive peroxides\u00a0upon\u2026","_links":{"self":[{"href":"https:\/\/jinancuchem.com\/fr\/wp-json\/wp\/v2\/product\/6345","targetHints":{"allow":["GET"]}}],"collection":[{"href":"https:\/\/jinancuchem.com\/fr\/wp-json\/wp\/v2\/product"}],"about":[{"href":"https:\/\/jinancuchem.com\/fr\/wp-json\/wp\/v2\/types\/product"}],"wp:featuredmedia":[{"embeddable":true,"href":"https:\/\/jinancuchem.com\/fr\/wp-json\/wp\/v2\/media\/6348"}],"wp:attachment":[{"href":"https:\/\/jinancuchem.com\/fr\/wp-json\/wp\/v2\/media?parent=6345"}],"wp:term":[{"taxonomy":"product_brand","embeddable":true,"href":"https:\/\/jinancuchem.com\/fr\/wp-json\/wp\/v2\/product_brand?post=6345"},{"taxonomy":"product_cat","embeddable":true,"href":"https:\/\/jinancuchem.com\/fr\/wp-json\/wp\/v2\/product_cat?post=6345"},{"taxonomy":"product_tag","embeddable":true,"href":"https:\/\/jinancuchem.com\/fr\/wp-json\/wp\/v2\/product_tag?post=6345"}],"curies":[{"name":"wp","href":"https:\/\/api.w.org\/{rel}","templated":true}]}}