{"id":6361,"date":"2025-08-07T03:12:46","date_gmt":"2025-08-07T03:12:46","guid":{"rendered":"https:\/\/jinancuchem.com\/?post_type=product&#038;p=6361"},"modified":"2025-08-07T03:12:46","modified_gmt":"2025-08-07T03:12:46","slug":"2-butoxyethanol-2","status":"publish","type":"product","link":"https:\/\/jinancuchem.com\/fr\/produit\/2-butoxyethanol-2\/","title":{"rendered":"2-Butoxy\u00e9thanol"},"content":{"rendered":"<p><strong><b>CAS<\/b><\/strong>: 111-76-2<br \/>\n<strong><b>Alias<\/b><\/strong>2-Butoxy\u00e9thanol, Butyl glycol, Butyl Cellosolve<br \/>\n<strong><b>Formule mol\u00e9culaire<\/b><\/strong>: C\u2086H\u2081\u2084O\u2082<br \/>\n<strong><b>Masse mol\u00e9culaire relative<\/b><\/strong>: 118,17 g\/mol<br \/>\n<strong><b>Formule structurelle<\/b><\/strong>:<img alt=\"\" decoding=\"async\" class=\"alignnone size-full wp-image-6364\" src=\"https:\/\/jinancuchem.com\/wp-content\/uploads\/2025\/08\/2-Butoxyethanol.jpg\" width=\"272\" height=\"52\" srcset=\"https:\/\/jinancuchem.com\/wp-content\/uploads\/2025\/08\/2-Butoxyethanol.jpg 272w, https:\/\/jinancuchem.com\/wp-content\/uploads\/2025\/08\/2-Butoxyethanol-18x3.jpg 18w\" sizes=\"(max-width: 272px) 100vw, 272px\" \/><\/p>\n<h3><strong><b>1. Propri\u00e9t\u00e9 du produit<\/b><\/strong><\/h3>\n<p>L'\u00e9ther butylique de l'\u00e9thyl\u00e8ne glycol est un liquide clair et incolore \u00e0 l'odeur douce et agr\u00e9able. Il est miscible avec la plupart des solvants organiques et l'eau, et offre une excellente solvabilit\u00e9 pour les r\u00e9sines, les huiles et les graisses. Avec un point d'\u00e9bullition autour de 170-172\u00b0C et une faible pression de vapeur, il est largement utilis\u00e9 dans les formulations n\u00e9cessitant une \u00e9vaporation lente et des points d'\u00e9bullition \u00e9lev\u00e9s. Il pr\u00e9sente \u00e9galement une bonne stabilit\u00e9 et une faible toxicit\u00e9 dans des conditions normales de manipulation<\/p>\n<h3><strong><b>2. Norme de qualit\u00e9<\/b><\/strong><\/h3>\n<table>\n<tbody>\n<tr>\n<td><strong><b>Param\u00e8tres<\/b><\/strong><\/td>\n<td><strong><b>Sp\u00e9cifications<\/b><\/strong><\/td>\n<\/tr>\n<tr>\n<td>Apparence<\/td>\n<td>Liquide clair et incolore<\/td>\n<\/tr>\n<tr>\n<td>Puret\u00e9 (GC)<\/td>\n<td>\u2265 99.0%<\/td>\n<\/tr>\n<tr>\n<td>Densit\u00e9 (20\u00b0C)<\/td>\n<td>0,900-0,904 g\/cm\u00b3<\/td>\n<\/tr>\n<tr>\n<td>Teneur en eau<\/td>\n<td>\u2264 0,10%<\/td>\n<\/tr>\n<tr>\n<td>Acide libre (en tant que CH\u2083COOH)<\/td>\n<td>\u2264 0,010%<\/td>\n<\/tr>\n<tr>\n<td>Plage d'\u00e9bullition<\/td>\n<td>168-172\u00b0C<\/td>\n<\/tr>\n<tr>\n<td>Couleur (APHA)<\/td>\n<td>\u2264 10<\/td>\n<\/tr>\n<tr>\n<td>Pression de vapeur (20\u00b0C)<\/td>\n<td>&lt; 1 mmHg<\/td>\n<\/tr>\n<\/tbody>\n<\/table>\n<h3><strong><b>3. Champ d'application et utilisation<\/b><\/strong><\/h3>\n<p>L'\u00e9ther butylique de l'\u00e9thyl\u00e8ne glycol est largement utilis\u00e9 comme solvant dans les rev\u00eatements, les peintures, les encres et les agents de nettoyage en raison de sa forte solvabilit\u00e9 et de son taux d'\u00e9vaporation lent. On le trouve \u00e9galement dans les fluides hydrauliques, les cosm\u00e9tiques et les nettoyants m\u00e9nagers. Dans les applications industrielles, il sert d'agent de couplage dans les formulations \u00e0 base d'eau et d'agent coalescent dans les peintures au latex. Sa capacit\u00e9 \u00e0 dissoudre les substances polaires et non polaires le rend pr\u00e9cieux dans divers processus chimiques.<\/p>\n<h3><strong><b>4. Emballage et stockage<\/b><\/strong><\/h3>\n<p>L'\u00e9ther butylique de l'\u00e9thyl\u00e8ne glycol est g\u00e9n\u00e9ralement conditionn\u00e9 en <strong><b>F\u00fbts en acier de 200 litres<\/b><\/strong>\u00a0ou <strong><b>Bacs IBC<\/b><\/strong>\u00a0(1000 litres), en fonction des besoins du client. Il doit \u00eatre stock\u00e9 dans un <strong><b>endroit frais, sec et bien ventil\u00e9<\/b><\/strong>Le produit doit \u00eatre conserv\u00e9 \u00e0 l'abri de la lumi\u00e8re directe du soleil, de la chaleur et des mati\u00e8res incompatibles telles que les oxydants et les acides forts. Les conteneurs doivent \u00eatre ferm\u00e9s herm\u00e9tiquement pour \u00e9viter la p\u00e9n\u00e9tration de l'humidit\u00e9 et l'\u00e9vaporation. Une manipulation et un stockage corrects garantissent la stabilit\u00e9 du produit et une dur\u00e9e de conservation pouvant aller jusqu'\u00e0 deux ans dans les conditions recommand\u00e9es.<\/p>","protected":false},"excerpt":{"rendered":"<p>CAS: 111-76-2 Alias: 2-Butoxyethanol, Butyl glycol, Butyl Cellosolve Molecular formula: C\u2086H\u2081\u2084O\u2082 Relative molecular mass: 118.17 g\/mol Structural formula: 1. Product Property Ethylene glycol butyl ether is a clear, colorless liquid with a mild, pleasant odor. It is miscible with most organic solvents and water, offering excellent solvency for resins, oils, and greases. With a boiling [&hellip;]<\/p>\n","protected":false},"featured_media":6364,"template":"","meta":{"_seopress_robots_primary_cat":"","_seopress_titles_title":"","_seopress_titles_desc":"","_seopress_robots_index":"","_uag_custom_page_level_css":"","site-sidebar-layout":"default","site-content-layout":"","ast-site-content-layout":"default","site-content-style":"default","site-sidebar-style":"default","ast-global-header-display":"","ast-banner-title-visibility":"","ast-main-header-display":"","ast-hfb-above-header-display":"","ast-hfb-below-header-display":"","ast-hfb-mobile-header-display":"","site-post-title":"","ast-breadcrumbs-content":"","ast-featured-img":"","footer-sml-layout":"","theme-transparent-header-meta":"default","adv-header-id-meta":"","stick-header-meta":"default","header-above-stick-meta":"","header-main-stick-meta":"","header-below-stick-meta":"","astra-migrate-meta-layouts":"set","ast-page-background-enabled":"default","ast-page-background-meta":{"desktop":{"background-color":"","background-image":"","background-repeat":"repeat","background-position":"center center","background-size":"auto","background-attachment":"scroll","background-type":"","background-media":"","overlay-type":"","overlay-color":"","overlay-opacity":"","overlay-gradient":""},"tablet":{"background-color":"","background-image":"","background-repeat":"repeat","background-position":"center center","background-size":"auto","background-attachment":"scroll","background-type":"","background-media":"","overlay-type":"","overlay-color":"","overlay-opacity":"","overlay-gradient":""},"mobile":{"background-color":"","background-image":"","background-repeat":"repeat","background-position":"center center","background-size":"auto","background-attachment":"scroll","background-type":"","background-media":"","overlay-type":"","overlay-color":"","overlay-opacity":"","overlay-gradient":""}},"ast-content-background-meta":{"desktop":{"background-color":"var(--ast-global-color-5)","background-image":"","background-repeat":"repeat","background-position":"center center","background-size":"auto","background-attachment":"scroll","background-type":"","background-media":"","overlay-type":"","overlay-color":"","overlay-opacity":"","overlay-gradient":""},"tablet":{"background-color":"var(--ast-global-color-5)","background-image":"","background-repeat":"repeat","background-position":"center center","background-size":"auto","background-attachment":"scroll","background-type":"","background-media":"","overlay-type":"","overlay-color":"","overlay-opacity":"","overlay-gradient":""},"mobile":{"background-color":"var(--ast-global-color-5)","background-image":"","background-repeat":"repeat","background-position":"center center","background-size":"auto","background-attachment":"scroll","background-type":"","background-media":"","overlay-type":"","overlay-color":"","overlay-opacity":"","overlay-gradient":""}}},"product_brand":[],"product_cat":[70],"product_tag":[],"class_list":{"0":"post-6361","1":"product","2":"type-product","3":"status-publish","4":"has-post-thumbnail","6":"product_cat-industrial-raw-materials","7":"desktop-align-left","8":"tablet-align-left","9":"mobile-align-left","10":"ast-product-gallery-layout-horizontal-slider","11":"ast-product-gallery-with-no-image","12":"ast-product-tabs-layout-horizontal","14":"first","15":"instock","16":"shipping-taxable","17":"product-type-simple"},"uagb_featured_image_src":{"full":["https:\/\/jinancuchem.com\/wp-content\/uploads\/2025\/08\/2-Butoxyethanol.jpg",272,52,false],"thumbnail":["https:\/\/jinancuchem.com\/wp-content\/uploads\/2025\/08\/2-Butoxyethanol-150x52.jpg",150,52,true],"medium":["https:\/\/jinancuchem.com\/wp-content\/uploads\/2025\/08\/2-Butoxyethanol.jpg",272,52,false],"medium_large":["https:\/\/jinancuchem.com\/wp-content\/uploads\/2025\/08\/2-Butoxyethanol.jpg",272,52,false],"large":["https:\/\/jinancuchem.com\/wp-content\/uploads\/2025\/08\/2-Butoxyethanol.jpg",272,52,false],"1536x1536":["https:\/\/jinancuchem.com\/wp-content\/uploads\/2025\/08\/2-Butoxyethanol.jpg",272,52,false],"2048x2048":["https:\/\/jinancuchem.com\/wp-content\/uploads\/2025\/08\/2-Butoxyethanol.jpg",272,52,false],"trp-custom-language-flag":["https:\/\/jinancuchem.com\/wp-content\/uploads\/2025\/08\/2-Butoxyethanol-18x3.jpg",18,3,true],"woocommerce_thumbnail":["https:\/\/jinancuchem.com\/wp-content\/uploads\/2025\/08\/2-Butoxyethanol.jpg",272,52,false],"woocommerce_single":["https:\/\/jinancuchem.com\/wp-content\/uploads\/2025\/08\/2-Butoxyethanol.jpg",272,52,false],"woocommerce_gallery_thumbnail":["https:\/\/jinancuchem.com\/wp-content\/uploads\/2025\/08\/2-Butoxyethanol-100x52.jpg",100,52,true]},"uagb_author_info":{"display_name":"jinxing6611@gmail.com","author_link":"https:\/\/jinancuchem.com\/fr\/author\/"},"uagb_comment_info":0,"uagb_excerpt":"CAS: 111-76-2 Alias: 2-Butoxyethanol, Butyl glycol, Butyl Cellosolve Molecular formula: C\u2086H\u2081\u2084O\u2082 Relative molecular mass: 118.17 g\/mol Structural formula: 1. Product Property Ethylene glycol butyl ether is a clear, colorless liquid with a mild, pleasant odor. It is miscible with most organic solvents and water, offering excellent solvency for resins, oils, and greases. With a boiling\u2026","_links":{"self":[{"href":"https:\/\/jinancuchem.com\/fr\/wp-json\/wp\/v2\/product\/6361","targetHints":{"allow":["GET"]}}],"collection":[{"href":"https:\/\/jinancuchem.com\/fr\/wp-json\/wp\/v2\/product"}],"about":[{"href":"https:\/\/jinancuchem.com\/fr\/wp-json\/wp\/v2\/types\/product"}],"wp:featuredmedia":[{"embeddable":true,"href":"https:\/\/jinancuchem.com\/fr\/wp-json\/wp\/v2\/media\/6364"}],"wp:attachment":[{"href":"https:\/\/jinancuchem.com\/fr\/wp-json\/wp\/v2\/media?parent=6361"}],"wp:term":[{"taxonomy":"product_brand","embeddable":true,"href":"https:\/\/jinancuchem.com\/fr\/wp-json\/wp\/v2\/product_brand?post=6361"},{"taxonomy":"product_cat","embeddable":true,"href":"https:\/\/jinancuchem.com\/fr\/wp-json\/wp\/v2\/product_cat?post=6361"},{"taxonomy":"product_tag","embeddable":true,"href":"https:\/\/jinancuchem.com\/fr\/wp-json\/wp\/v2\/product_tag?post=6361"}],"curies":[{"name":"wp","href":"https:\/\/api.w.org\/{rel}","templated":true}]}}