{"id":6369,"date":"2025-08-07T03:15:08","date_gmt":"2025-08-07T03:15:08","guid":{"rendered":"https:\/\/jinancuchem.com\/?post_type=product&#038;p=6369"},"modified":"2025-08-07T03:15:08","modified_gmt":"2025-08-07T03:15:08","slug":"dipropylene-glycol-monomethyl-ether","status":"publish","type":"product","link":"https:\/\/jinancuchem.com\/fr\/produit\/dipropylene-glycol-monomethyl-ether\/","title":{"rendered":"\u00c9ther monom\u00e9thylique du dipropyl\u00e8ne glycol"},"content":{"rendered":"<p>CAS : 34590-94-8<br \/>\nAlias : DPM ; \u00e9ther m\u00e9thylique de di(propyl\u00e8ne glycol) ; m\u00e9thoxypropoxypropanol<br \/>\nFormule mol\u00e9culaire : C\u2087H\u2081\u2086O\u2083<br \/>\nMasse mol\u00e9culaire relative : 148.2<br \/>\nFormule structurelle :<img alt=\"\" decoding=\"async\" class=\"alignnone size-medium wp-image-6372\" src=\"https:\/\/jinancuchem.com\/wp-content\/uploads\/2025\/08\/Dipropylene-Glycol-Methyl-Ether\uff08DPM\uff09-1-300x102.jpg\" width=\"300\" height=\"102\" srcset=\"https:\/\/jinancuchem.com\/wp-content\/uploads\/2025\/08\/Dipropylene-Glycol-Methyl-Ether\uff08DPM\uff09-1-300x102.jpg 300w, https:\/\/jinancuchem.com\/wp-content\/uploads\/2025\/08\/Dipropylene-Glycol-Methyl-Ether\uff08DPM\uff09-1-1024x347.jpg 1024w, https:\/\/jinancuchem.com\/wp-content\/uploads\/2025\/08\/Dipropylene-Glycol-Methyl-Ether\uff08DPM\uff09-1-768x260.jpg 768w, https:\/\/jinancuchem.com\/wp-content\/uploads\/2025\/08\/Dipropylene-Glycol-Methyl-Ether\uff08DPM\uff09-1-18x6.jpg 18w, https:\/\/jinancuchem.com\/wp-content\/uploads\/2025\/08\/Dipropylene-Glycol-Methyl-Ether\uff08DPM\uff09-1-500x169.jpg 500w, https:\/\/jinancuchem.com\/wp-content\/uploads\/2025\/08\/Dipropylene-Glycol-Methyl-Ether\uff08DPM\uff09-1.jpg 1196w\" sizes=\"(max-width: 300px) 100vw, 300px\" \/><\/p>\n<h3><strong><b>1. Propri\u00e9t\u00e9 du produit<\/b><\/strong><\/h3>\n<p>&nbsp;<\/p>\n<p>L'\u00e9ther monom\u00e9thylique du di-pentanediol (DPM) est \u00e9galement connu sous le nom d'\u00e9ther mono\u00e9thylique du 1,2-propanediol. Il s'agit d'un liquide incolore, transparent et visqueux avec une bonne solubilit\u00e9. Il a une odeur agr\u00e9able. Le produit est un solvant alcool-\u00e9ther respectueux de l'environnement qui pr\u00e9sente une faible toxicit\u00e9, une faible viscosit\u00e9, une faible tension superficielle, un taux d'\u00e9vaporation mod\u00e9r\u00e9, une bonne solubilit\u00e9, une bonne capacit\u00e9 de couplage et qui est compl\u00e8tement miscible avec l'eau et divers solvants organiques. Il est compl\u00e8tement miscible avec l'eau et divers solvants organiques. Il a une bonne compatibilit\u00e9.<\/p>\n<h3><strong><b>2. Norme de qualit\u00e9<\/b><\/strong><\/h3>\n<table>\n<tbody>\n<tr>\n<td><strong><b>Param\u00e8tres<\/b><\/strong><\/td>\n<td><strong><b>Sp\u00e9cifications<\/b><\/strong><\/td>\n<\/tr>\n<tr>\n<td>Apparence<\/td>\n<td>Liquide clair et incolore<\/td>\n<\/tr>\n<tr>\n<td>Puret\u00e9 (zone GC%)<\/td>\n<td>\u2265 99.0%<\/td>\n<\/tr>\n<tr>\n<td>Teneur en eau<\/td>\n<td>\u2264 0,1%<\/td>\n<\/tr>\n<tr>\n<td>Acidit\u00e9 (en tant qu'acide ac\u00e9tique)<\/td>\n<td>\u2264 0,01%<\/td>\n<\/tr>\n<tr>\n<td>Densit\u00e9 (20\u00b0C)<\/td>\n<td>0,950-0,960 g\/cm\u00b3<\/td>\n<\/tr>\n<tr>\n<td>Indice de r\u00e9fraction (20\u00b0C)<\/td>\n<td>1.422-1.426<\/td>\n<\/tr>\n<tr>\n<td>Plage d'\u00e9bullition<\/td>\n<td>185-195\u00b0C (volume \u2265 95%)<\/td>\n<\/tr>\n<tr>\n<td>R\u00e9sidu d'\u00e9vaporation<\/td>\n<td>\u2264 0,01%<\/td>\n<\/tr>\n<\/tbody>\n<\/table>\n<h3><strong><b>3. Champ d'application et utilisation<\/b><\/strong><\/h3>\n<p>Le DPM est largement utilis\u00e9 comme solvant dans les rev\u00eatements, les teintures, les encres et les agents de nettoyage. C'est \u00e9galement un composant courant des liquides de frein et il est utilis\u00e9 dans la formulation des cosm\u00e9tiques et des produits de soins personnels en raison de sa faible toxicit\u00e9 et de son excellente solubilit\u00e9. Dans l'industrie \u00e9lectronique, le DPM sert de solvant ou d'interm\u00e9diaire dans la production de produits chimiques sp\u00e9cialis\u00e9s. Sa capacit\u00e9 \u00e0 dissoudre une large gamme de r\u00e9sines, y compris la cellulose, l'ac\u00e9tate de polyvinyle et les r\u00e9sines ph\u00e9noliques, le rend pr\u00e9cieux dans les formulations industrielles.<\/p>\n<h3><strong><b>4. Emballage et stockage<\/b><\/strong><\/h3>\n<p>La DPM est g\u00e9n\u00e9ralement emball\u00e9e dans <strong><b>F\u00fbts en acier de 195 kg<\/b><\/strong>ou en <strong><b>Bacs IBC<\/b><\/strong>\u00a0pour les quantit\u00e9s en vrac. Il doit \u00eatre stock\u00e9 dans un endroit frais, sec et bien ventil\u00e9, \u00e0 l'abri de la lumi\u00e8re directe du soleil, des sources de chaleur et des points d'ignition. Les conteneurs doivent \u00eatre ferm\u00e9s herm\u00e9tiquement pour \u00e9viter l'absorption d'humidit\u00e9 et la contamination. Lors de la manipulation, \u00e9viter tout contact avec la peau et les yeux et utiliser les \u00e9quipements de protection individuelle appropri\u00e9s. Les zones de stockage doivent \u00eatre \u00e9quip\u00e9es de moyens de lutte contre l'incendie et le DPM doit \u00eatre tenu \u00e0 l'\u00e9cart des agents oxydants puissants.<\/p>","protected":false},"excerpt":{"rendered":"<p>CAS:\u00a034590-94-8 Alias:\u00a0DPM; Di(propylene glycol) methyl ether; Methoxypropoxypropanol Molecular Formula:\u00a0C\u2087H\u2081\u2086O\u2083 Relative Molecular Mass:\u00a0148.2 Structural Formula: 1. Product Property &nbsp; Di-pentanediol monomethyl ether (DPM) is also known as monoethyl ether of 1,2-propanediol. It is a colorless, transparent and viscous liquid with good solubility. It has a pleasant smell. The product is an environmentally friendly alcohol ether solvent [&hellip;]<\/p>\n","protected":false},"featured_media":6372,"template":"","meta":{"_seopress_robots_primary_cat":"","_seopress_titles_title":"","_seopress_titles_desc":"","_seopress_robots_index":"","_uag_custom_page_level_css":"","site-sidebar-layout":"default","site-content-layout":"","ast-site-content-layout":"default","site-content-style":"default","site-sidebar-style":"default","ast-global-header-display":"","ast-banner-title-visibility":"","ast-main-header-display":"","ast-hfb-above-header-display":"","ast-hfb-below-header-display":"","ast-hfb-mobile-header-display":"","site-post-title":"","ast-breadcrumbs-content":"","ast-featured-img":"","footer-sml-layout":"","theme-transparent-header-meta":"default","adv-header-id-meta":"","stick-header-meta":"default","header-above-stick-meta":"","header-main-stick-meta":"","header-below-stick-meta":"","astra-migrate-meta-layouts":"set","ast-page-background-enabled":"default","ast-page-background-meta":{"desktop":{"background-color":"","background-image":"","background-repeat":"repeat","background-position":"center center","background-size":"auto","background-attachment":"scroll","background-type":"","background-media":"","overlay-type":"","overlay-color":"","overlay-opacity":"","overlay-gradient":""},"tablet":{"background-color":"","background-image":"","background-repeat":"repeat","background-position":"center center","background-size":"auto","background-attachment":"scroll","background-type":"","background-media":"","overlay-type":"","overlay-color":"","overlay-opacity":"","overlay-gradient":""},"mobile":{"background-color":"","background-image":"","background-repeat":"repeat","background-position":"center center","background-size":"auto","background-attachment":"scroll","background-type":"","background-media":"","overlay-type":"","overlay-color":"","overlay-opacity":"","overlay-gradient":""}},"ast-content-background-meta":{"desktop":{"background-color":"var(--ast-global-color-5)","background-image":"","background-repeat":"repeat","background-position":"center center","background-size":"auto","background-attachment":"scroll","background-type":"","background-media":"","overlay-type":"","overlay-color":"","overlay-opacity":"","overlay-gradient":""},"tablet":{"background-color":"var(--ast-global-color-5)","background-image":"","background-repeat":"repeat","background-position":"center center","background-size":"auto","background-attachment":"scroll","background-type":"","background-media":"","overlay-type":"","overlay-color":"","overlay-opacity":"","overlay-gradient":""},"mobile":{"background-color":"var(--ast-global-color-5)","background-image":"","background-repeat":"repeat","background-position":"center center","background-size":"auto","background-attachment":"scroll","background-type":"","background-media":"","overlay-type":"","overlay-color":"","overlay-opacity":"","overlay-gradient":""}}},"product_brand":[],"product_cat":[70],"product_tag":[],"class_list":{"0":"post-6369","1":"product","2":"type-product","3":"status-publish","4":"has-post-thumbnail","6":"product_cat-industrial-raw-materials","7":"desktop-align-left","8":"tablet-align-left","9":"mobile-align-left","10":"ast-product-gallery-layout-horizontal-slider","11":"ast-product-gallery-with-no-image","12":"ast-product-tabs-layout-horizontal","14":"first","15":"instock","16":"shipping-taxable","17":"product-type-simple"},"uagb_featured_image_src":{"full":["https:\/\/jinancuchem.com\/wp-content\/uploads\/2025\/08\/Dipropylene-Glycol-Methyl-Ether\uff08DPM\uff09-1.jpg",1196,405,false],"thumbnail":["https:\/\/jinancuchem.com\/wp-content\/uploads\/2025\/08\/Dipropylene-Glycol-Methyl-Ether\uff08DPM\uff09-1-150x150.jpg",150,150,true],"medium":["https:\/\/jinancuchem.com\/wp-content\/uploads\/2025\/08\/Dipropylene-Glycol-Methyl-Ether\uff08DPM\uff09-1-300x102.jpg",300,102,true],"medium_large":["https:\/\/jinancuchem.com\/wp-content\/uploads\/2025\/08\/Dipropylene-Glycol-Methyl-Ether\uff08DPM\uff09-1-768x260.jpg",768,260,true],"large":["https:\/\/jinancuchem.com\/wp-content\/uploads\/2025\/08\/Dipropylene-Glycol-Methyl-Ether\uff08DPM\uff09-1-1024x347.jpg",1024,347,true],"1536x1536":["https:\/\/jinancuchem.com\/wp-content\/uploads\/2025\/08\/Dipropylene-Glycol-Methyl-Ether\uff08DPM\uff09-1.jpg",1196,405,false],"2048x2048":["https:\/\/jinancuchem.com\/wp-content\/uploads\/2025\/08\/Dipropylene-Glycol-Methyl-Ether\uff08DPM\uff09-1.jpg",1196,405,false],"trp-custom-language-flag":["https:\/\/jinancuchem.com\/wp-content\/uploads\/2025\/08\/Dipropylene-Glycol-Methyl-Ether\uff08DPM\uff09-1-18x6.jpg",18,6,true],"woocommerce_thumbnail":["https:\/\/jinancuchem.com\/wp-content\/uploads\/2025\/08\/Dipropylene-Glycol-Methyl-Ether\uff08DPM\uff09-1-300x300.jpg",300,300,true],"woocommerce_single":["https:\/\/jinancuchem.com\/wp-content\/uploads\/2025\/08\/Dipropylene-Glycol-Methyl-Ether\uff08DPM\uff09-1-500x169.jpg",500,169,true],"woocommerce_gallery_thumbnail":["https:\/\/jinancuchem.com\/wp-content\/uploads\/2025\/08\/Dipropylene-Glycol-Methyl-Ether\uff08DPM\uff09-1-100x100.jpg",100,100,true]},"uagb_author_info":{"display_name":"jinxing6611@gmail.com","author_link":"https:\/\/jinancuchem.com\/fr\/author\/"},"uagb_comment_info":0,"uagb_excerpt":"CAS:\u00a034590-94-8 Alias:\u00a0DPM; Di(propylene glycol) methyl ether; Methoxypropoxypropanol Molecular Formula:\u00a0C\u2087H\u2081\u2086O\u2083 Relative Molecular Mass:\u00a0148.2 Structural Formula: 1. Product Property &nbsp; Di-pentanediol monomethyl ether (DPM) is also known as monoethyl ether of 1,2-propanediol. It is a colorless, transparent and viscous liquid with good solubility. It has a pleasant smell. The product is an environmentally friendly alcohol ether solvent\u2026","_links":{"self":[{"href":"https:\/\/jinancuchem.com\/fr\/wp-json\/wp\/v2\/product\/6369","targetHints":{"allow":["GET"]}}],"collection":[{"href":"https:\/\/jinancuchem.com\/fr\/wp-json\/wp\/v2\/product"}],"about":[{"href":"https:\/\/jinancuchem.com\/fr\/wp-json\/wp\/v2\/types\/product"}],"wp:featuredmedia":[{"embeddable":true,"href":"https:\/\/jinancuchem.com\/fr\/wp-json\/wp\/v2\/media\/6372"}],"wp:attachment":[{"href":"https:\/\/jinancuchem.com\/fr\/wp-json\/wp\/v2\/media?parent=6369"}],"wp:term":[{"taxonomy":"product_brand","embeddable":true,"href":"https:\/\/jinancuchem.com\/fr\/wp-json\/wp\/v2\/product_brand?post=6369"},{"taxonomy":"product_cat","embeddable":true,"href":"https:\/\/jinancuchem.com\/fr\/wp-json\/wp\/v2\/product_cat?post=6369"},{"taxonomy":"product_tag","embeddable":true,"href":"https:\/\/jinancuchem.com\/fr\/wp-json\/wp\/v2\/product_tag?post=6369"}],"curies":[{"name":"wp","href":"https:\/\/api.w.org\/{rel}","templated":true}]}}