{"id":6397,"date":"2025-08-07T06:07:20","date_gmt":"2025-08-07T06:07:20","guid":{"rendered":"https:\/\/jinancuchem.com\/?post_type=product&#038;p=6397"},"modified":"2025-08-07T06:07:20","modified_gmt":"2025-08-07T06:07:20","slug":"2-amino-25-dichlorobenzophenone","status":"publish","type":"product","link":"https:\/\/jinancuchem.com\/fr\/produit\/2-amino-25-dichlorobenzophenone\/","title":{"rendered":"2-Amino-2\u2032,5-dichlorobenzoph\u00e9none"},"content":{"rendered":"<p>\u3010CAS\u30112958-36-3 Formule mol\u00e9culaire : C13H9Cl2NO Masse mol\u00e9culaire relative : 266,12<\/p>\n<p>Formule structurelle :<img alt=\"\" decoding=\"async\" class=\"alignnone size-full wp-image-6400\" src=\"https:\/\/jinancuchem.com\/wp-content\/uploads\/2025\/08\/2-Amino-25-dichlorobenzophenone.jpg\" width=\"209\" height=\"145\" srcset=\"https:\/\/jinancuchem.com\/wp-content\/uploads\/2025\/08\/2-Amino-25-dichlorobenzophenone.jpg 209w, https:\/\/jinancuchem.com\/wp-content\/uploads\/2025\/08\/2-Amino-25-dichlorobenzophenone-18x12.jpg 18w\" sizes=\"(max-width: 209px) 100vw, 209px\" \/><\/p>\n<p>Propri\u00e9t\u00e9 du produit\uff1a<\/p>\n<table>\n<tbody>\n<tr>\n<td><strong><b>Propri\u00e9t\u00e9<\/b><\/strong><\/td>\n<td><strong><b>Valeur \/ Description<\/b><\/strong><\/td>\n<\/tr>\n<tr>\n<td>Point de fusion<\/td>\n<td>87-89 \u00b0C (lit.)<\/td>\n<\/tr>\n<tr>\n<td>Point d'\u00e9bullition<\/td>\n<td>453,6 \u00b1 40,0 \u00b0C (pr\u00e9visions)<\/td>\n<\/tr>\n<tr>\n<td>Densit\u00e9<\/td>\n<td>1,3134 (estimation approximative)<\/td>\n<\/tr>\n<tr>\n<td>Pression de vapeur<\/td>\n<td>0 Pa \u00e0 25 \u00b0C<\/td>\n<\/tr>\n<tr>\n<td>Indice de r\u00e9fraction<\/td>\n<td>1,5490 (estimation)<\/td>\n<\/tr>\n<tr>\n<td>Conditions de stockage<\/td>\n<td>Conserver \u00e0 l'abri de la lumi\u00e8re, dans une atmosph\u00e8re inerte, \u00e0 temp\u00e9rature ambiante.<\/td>\n<\/tr>\n<tr>\n<td>Solubilit\u00e9<\/td>\n<td>Soluble dans le m\u00e9thanol<\/td>\n<\/tr>\n<tr>\n<td>pKa<\/td>\n<td>-0,97 \u00b1 0,10 (pr\u00e9dit)<\/td>\n<\/tr>\n<tr>\n<td>Formulaire<\/td>\n<td>Solide<\/td>\n<\/tr>\n<tr>\n<td>Couleur<\/td>\n<td>Du jaune au vert<\/td>\n<\/tr>\n<tr>\n<td>Solubilit\u00e9 dans l'eau<\/td>\n<td>Insoluble dans l'eau<\/td>\n<\/tr>\n<tr>\n<td>BRN<\/td>\n<td>652774<\/td>\n<\/tr>\n<tr>\n<td>InChIKey<\/td>\n<td>KWZYIAJRFJVQDO-UHFFFAOYSA-N<\/td>\n<\/tr>\n<tr>\n<td>LogP<\/td>\n<td>3.1<\/td>\n<\/tr>\n<\/tbody>\n<\/table>","protected":false},"excerpt":{"rendered":"<p>\u3010CAS\u30112958-36-3\u00a0\u00a0Molecular formula:C13H9Cl2NO\u00a0\u00a0Relative molecular mass:\u00a0266.12 Structural formula: Product Property\uff1a Property Value \/ Description Melting Point 87-89 \u00b0C (lit.) Boiling Point 453.6 \u00b1 40.0 \u00b0C (Predicted) Density 1.3134 (rough estimate) Vapor Pressure 0 Pa at 25 \u00b0C Refractive Index 1.5490 (estimate) Storage Conditions Keep in dark place, inert atmosphere, room temperature Solubility Soluble in methanol pKa -0.97 [&hellip;]<\/p>\n","protected":false},"featured_media":6400,"template":"","meta":{"_seopress_robots_primary_cat":"","_seopress_titles_title":"","_seopress_titles_desc":"","_seopress_robots_index":"","_uag_custom_page_level_css":"","site-sidebar-layout":"default","site-content-layout":"","ast-site-content-layout":"default","site-content-style":"default","site-sidebar-style":"default","ast-global-header-display":"","ast-banner-title-visibility":"","ast-main-header-display":"","ast-hfb-above-header-display":"","ast-hfb-below-header-display":"","ast-hfb-mobile-header-display":"","site-post-title":"","ast-breadcrumbs-content":"","ast-featured-img":"","footer-sml-layout":"","theme-transparent-header-meta":"default","adv-header-id-meta":"","stick-header-meta":"default","header-above-stick-meta":"","header-main-stick-meta":"","header-below-stick-meta":"","astra-migrate-meta-layouts":"set","ast-page-background-enabled":"default","ast-page-background-meta":{"desktop":{"background-color":"","background-image":"","background-repeat":"repeat","background-position":"center center","background-size":"auto","background-attachment":"scroll","background-type":"","background-media":"","overlay-type":"","overlay-color":"","overlay-opacity":"","overlay-gradient":""},"tablet":{"background-color":"","background-image":"","background-repeat":"repeat","background-position":"center center","background-size":"auto","background-attachment":"scroll","background-type":"","background-media":"","overlay-type":"","overlay-color":"","overlay-opacity":"","overlay-gradient":""},"mobile":{"background-color":"","background-image":"","background-repeat":"repeat","background-position":"center center","background-size":"auto","background-attachment":"scroll","background-type":"","background-media":"","overlay-type":"","overlay-color":"","overlay-opacity":"","overlay-gradient":""}},"ast-content-background-meta":{"desktop":{"background-color":"var(--ast-global-color-5)","background-image":"","background-repeat":"repeat","background-position":"center center","background-size":"auto","background-attachment":"scroll","background-type":"","background-media":"","overlay-type":"","overlay-color":"","overlay-opacity":"","overlay-gradient":""},"tablet":{"background-color":"var(--ast-global-color-5)","background-image":"","background-repeat":"repeat","background-position":"center center","background-size":"auto","background-attachment":"scroll","background-type":"","background-media":"","overlay-type":"","overlay-color":"","overlay-opacity":"","overlay-gradient":""},"mobile":{"background-color":"var(--ast-global-color-5)","background-image":"","background-repeat":"repeat","background-position":"center center","background-size":"auto","background-attachment":"scroll","background-type":"","background-media":"","overlay-type":"","overlay-color":"","overlay-opacity":"","overlay-gradient":""}}},"product_brand":[],"product_cat":[68],"product_tag":[],"class_list":{"0":"post-6397","1":"product","2":"type-product","3":"status-publish","4":"has-post-thumbnail","6":"product_cat-fine-chemicals","7":"desktop-align-left","8":"tablet-align-left","9":"mobile-align-left","10":"ast-product-gallery-layout-horizontal-slider","11":"ast-product-gallery-with-no-image","12":"ast-product-tabs-layout-horizontal","14":"first","15":"instock","16":"shipping-taxable","17":"product-type-simple"},"uagb_featured_image_src":{"full":["https:\/\/jinancuchem.com\/wp-content\/uploads\/2025\/08\/2-Amino-25-dichlorobenzophenone.jpg",209,145,false],"thumbnail":["https:\/\/jinancuchem.com\/wp-content\/uploads\/2025\/08\/2-Amino-25-dichlorobenzophenone-150x145.jpg",150,145,true],"medium":["https:\/\/jinancuchem.com\/wp-content\/uploads\/2025\/08\/2-Amino-25-dichlorobenzophenone.jpg",209,145,false],"medium_large":["https:\/\/jinancuchem.com\/wp-content\/uploads\/2025\/08\/2-Amino-25-dichlorobenzophenone.jpg",209,145,false],"large":["https:\/\/jinancuchem.com\/wp-content\/uploads\/2025\/08\/2-Amino-25-dichlorobenzophenone.jpg",209,145,false],"1536x1536":["https:\/\/jinancuchem.com\/wp-content\/uploads\/2025\/08\/2-Amino-25-dichlorobenzophenone.jpg",209,145,false],"2048x2048":["https:\/\/jinancuchem.com\/wp-content\/uploads\/2025\/08\/2-Amino-25-dichlorobenzophenone.jpg",209,145,false],"trp-custom-language-flag":["https:\/\/jinancuchem.com\/wp-content\/uploads\/2025\/08\/2-Amino-25-dichlorobenzophenone-18x12.jpg",18,12,true],"woocommerce_thumbnail":["https:\/\/jinancuchem.com\/wp-content\/uploads\/2025\/08\/2-Amino-25-dichlorobenzophenone.jpg",209,145,false],"woocommerce_single":["https:\/\/jinancuchem.com\/wp-content\/uploads\/2025\/08\/2-Amino-25-dichlorobenzophenone.jpg",209,145,false],"woocommerce_gallery_thumbnail":["https:\/\/jinancuchem.com\/wp-content\/uploads\/2025\/08\/2-Amino-25-dichlorobenzophenone-100x100.jpg",100,100,true]},"uagb_author_info":{"display_name":"jinxing6611@gmail.com","author_link":"https:\/\/jinancuchem.com\/fr\/author\/"},"uagb_comment_info":0,"uagb_excerpt":"\u3010CAS\u30112958-36-3\u00a0\u00a0Molecular formula:C13H9Cl2NO\u00a0\u00a0Relative molecular mass:\u00a0266.12 Structural formula: Product Property\uff1a Property Value \/ Description Melting Point 87-89 \u00b0C (lit.) Boiling Point 453.6 \u00b1 40.0 \u00b0C (Predicted) Density 1.3134 (rough estimate) Vapor Pressure 0 Pa at 25 \u00b0C Refractive Index 1.5490 (estimate) Storage Conditions Keep in dark place, inert atmosphere, room temperature Solubility Soluble in methanol pKa -0.97\u2026","_links":{"self":[{"href":"https:\/\/jinancuchem.com\/fr\/wp-json\/wp\/v2\/product\/6397","targetHints":{"allow":["GET"]}}],"collection":[{"href":"https:\/\/jinancuchem.com\/fr\/wp-json\/wp\/v2\/product"}],"about":[{"href":"https:\/\/jinancuchem.com\/fr\/wp-json\/wp\/v2\/types\/product"}],"wp:featuredmedia":[{"embeddable":true,"href":"https:\/\/jinancuchem.com\/fr\/wp-json\/wp\/v2\/media\/6400"}],"wp:attachment":[{"href":"https:\/\/jinancuchem.com\/fr\/wp-json\/wp\/v2\/media?parent=6397"}],"wp:term":[{"taxonomy":"product_brand","embeddable":true,"href":"https:\/\/jinancuchem.com\/fr\/wp-json\/wp\/v2\/product_brand?post=6397"},{"taxonomy":"product_cat","embeddable":true,"href":"https:\/\/jinancuchem.com\/fr\/wp-json\/wp\/v2\/product_cat?post=6397"},{"taxonomy":"product_tag","embeddable":true,"href":"https:\/\/jinancuchem.com\/fr\/wp-json\/wp\/v2\/product_tag?post=6397"}],"curies":[{"name":"wp","href":"https:\/\/api.w.org\/{rel}","templated":true}]}}