{"id":6449,"date":"2025-08-07T08:13:03","date_gmt":"2025-08-07T08:13:03","guid":{"rendered":"https:\/\/jinancuchem.com\/?post_type=product&#038;p=6449"},"modified":"2025-08-07T08:13:03","modified_gmt":"2025-08-07T08:13:03","slug":"chocolate-essence","status":"publish","type":"product","link":"https:\/\/jinancuchem.com\/fr\/produit\/chocolate-essence\/","title":{"rendered":"Essence de chocolat"},"content":{"rendered":"<p>L'essence de chocolat est un additif de qualit\u00e9 alimentaire. Elle est compos\u00e9e d'ingr\u00e9dients tels que l'extrait de cacao, la vanilline et le maltol, recr\u00e9ant avec pr\u00e9cision l'ar\u00f4me riche et sucr\u00e9 ainsi que la texture onctueuse du chocolat noir.<\/p>","protected":false},"excerpt":{"rendered":"<p>L'essence de chocolat est un additif de qualit\u00e9 alimentaire. Elle est compos\u00e9e d'ingr\u00e9dients tels que l'extrait de cacao, la vanilline et le maltol, recr\u00e9ant avec pr\u00e9cision l'ar\u00f4me riche et sucr\u00e9 ainsi que la texture onctueuse du chocolat noir.<\/p>","protected":false},"featured_media":6452,"template":"","meta":{"_seopress_robots_primary_cat":"","_seopress_titles_title":"","_seopress_titles_desc":"","_seopress_robots_index":"","_uag_custom_page_level_css":"","site-sidebar-layout":"default","site-content-layout":"","ast-site-content-layout":"default","site-content-style":"default","site-sidebar-style":"default","ast-global-header-display":"","ast-banner-title-visibility":"","ast-main-header-display":"","ast-hfb-above-header-display":"","ast-hfb-below-header-display":"","ast-hfb-mobile-header-display":"","site-post-title":"","ast-breadcrumbs-content":"","ast-featured-img":"","footer-sml-layout":"","theme-transparent-header-meta":"default","adv-header-id-meta":"","stick-header-meta":"default","header-above-stick-meta":"","header-main-stick-meta":"","header-below-stick-meta":"","astra-migrate-meta-layouts":"set","ast-page-background-enabled":"default","ast-page-background-meta":{"desktop":{"background-color":"","background-image":"","background-repeat":"repeat","background-position":"center center","background-size":"auto","background-attachment":"scroll","background-type":"","background-media":"","overlay-type":"","overlay-color":"","overlay-opacity":"","overlay-gradient":""},"tablet":{"background-color":"","background-image":"","background-repeat":"repeat","background-position":"center center","background-size":"auto","background-attachment":"scroll","background-type":"","background-media":"","overlay-type":"","overlay-color":"","overlay-opacity":"","overlay-gradient":""},"mobile":{"background-color":"","background-image":"","background-repeat":"repeat","background-position":"center center","background-size":"auto","background-attachment":"scroll","background-type":"","background-media":"","overlay-type":"","overlay-color":"","overlay-opacity":"","overlay-gradient":""}},"ast-content-background-meta":{"desktop":{"background-color":"var(--ast-global-color-5)","background-image":"","background-repeat":"repeat","background-position":"center center","background-size":"auto","background-attachment":"scroll","background-type":"","background-media":"","overlay-type":"","overlay-color":"","overlay-opacity":"","overlay-gradient":""},"tablet":{"background-color":"var(--ast-global-color-5)","background-image":"","background-repeat":"repeat","background-position":"center center","background-size":"auto","background-attachment":"scroll","background-type":"","background-media":"","overlay-type":"","overlay-color":"","overlay-opacity":"","overlay-gradient":""},"mobile":{"background-color":"var(--ast-global-color-5)","background-image":"","background-repeat":"repeat","background-position":"center center","background-size":"auto","background-attachment":"scroll","background-type":"","background-media":"","overlay-type":"","overlay-color":"","overlay-opacity":"","overlay-gradient":""}}},"product_brand":[],"product_cat":[71],"product_tag":[],"class_list":{"0":"post-6449","1":"product","2":"type-product","3":"status-publish","4":"has-post-thumbnail","6":"product_cat-essence","7":"desktop-align-left","8":"tablet-align-left","9":"mobile-align-left","10":"ast-product-gallery-layout-horizontal-slider","11":"ast-product-gallery-with-no-image","12":"ast-product-tabs-layout-horizontal","14":"first","15":"instock","16":"shipping-taxable","17":"product-type-simple"},"uagb_featured_image_src":{"full":["https:\/\/jinancuchem.com\/wp-content\/uploads\/2025\/08\/Chocolate-Essence.jpg",333,331,false],"thumbnail":["https:\/\/jinancuchem.com\/wp-content\/uploads\/2025\/08\/Chocolate-Essence-150x150.jpg",150,150,true],"medium":["https:\/\/jinancuchem.com\/wp-content\/uploads\/2025\/08\/Chocolate-Essence-300x298.jpg",300,298,true],"medium_large":["https:\/\/jinancuchem.com\/wp-content\/uploads\/2025\/08\/Chocolate-Essence.jpg",333,331,false],"large":["https:\/\/jinancuchem.com\/wp-content\/uploads\/2025\/08\/Chocolate-Essence.jpg",333,331,false],"1536x1536":["https:\/\/jinancuchem.com\/wp-content\/uploads\/2025\/08\/Chocolate-Essence.jpg",333,331,false],"2048x2048":["https:\/\/jinancuchem.com\/wp-content\/uploads\/2025\/08\/Chocolate-Essence.jpg",333,331,false],"trp-custom-language-flag":["https:\/\/jinancuchem.com\/wp-content\/uploads\/2025\/08\/Chocolate-Essence-12x12.jpg",12,12,true],"woocommerce_thumbnail":["https:\/\/jinancuchem.com\/wp-content\/uploads\/2025\/08\/Chocolate-Essence-300x300.jpg",300,300,true],"woocommerce_single":["https:\/\/jinancuchem.com\/wp-content\/uploads\/2025\/08\/Chocolate-Essence.jpg",333,331,false],"woocommerce_gallery_thumbnail":["https:\/\/jinancuchem.com\/wp-content\/uploads\/2025\/08\/Chocolate-Essence-100x100.jpg",100,100,true]},"uagb_author_info":{"display_name":"jinxing6611@gmail.com","author_link":"https:\/\/jinancuchem.com\/fr\/author\/"},"uagb_comment_info":0,"uagb_excerpt":"Chocolate essence is a food-grade essence additive. It is composed of ingredients such as cocoa extract, vanillin, and maltol, precisely recreating the rich and sweet aroma as well as the smooth texture of dark chocolate.","_links":{"self":[{"href":"https:\/\/jinancuchem.com\/fr\/wp-json\/wp\/v2\/product\/6449","targetHints":{"allow":["GET"]}}],"collection":[{"href":"https:\/\/jinancuchem.com\/fr\/wp-json\/wp\/v2\/product"}],"about":[{"href":"https:\/\/jinancuchem.com\/fr\/wp-json\/wp\/v2\/types\/product"}],"wp:featuredmedia":[{"embeddable":true,"href":"https:\/\/jinancuchem.com\/fr\/wp-json\/wp\/v2\/media\/6452"}],"wp:attachment":[{"href":"https:\/\/jinancuchem.com\/fr\/wp-json\/wp\/v2\/media?parent=6449"}],"wp:term":[{"taxonomy":"product_brand","embeddable":true,"href":"https:\/\/jinancuchem.com\/fr\/wp-json\/wp\/v2\/product_brand?post=6449"},{"taxonomy":"product_cat","embeddable":true,"href":"https:\/\/jinancuchem.com\/fr\/wp-json\/wp\/v2\/product_cat?post=6449"},{"taxonomy":"product_tag","embeddable":true,"href":"https:\/\/jinancuchem.com\/fr\/wp-json\/wp\/v2\/product_tag?post=6449"}],"curies":[{"name":"wp","href":"https:\/\/api.w.org\/{rel}","templated":true}]}}